{"id":1429,"date":"2025-09-09T17:44:06","date_gmt":"2025-09-09T17:44:06","guid":{"rendered":"https:\/\/sabi.org.ar\/congreso\/?page_id=1429"},"modified":"2025-10-19T14:03:20","modified_gmt":"2025-10-19T14:03:20","slug":"cena-y-fiesta","status":"publish","type":"page","link":"https:\/\/sabi.org.ar\/congreso\/cena-y-fiesta\/","title":{"rendered":"Cena y Fiesta"},"content":{"rendered":"\n<div class=\"wp-block-group has-global-padding is-layout-constrained wp-container-core-group-is-layout-c0c79701 wp-block-group-is-layout-constrained\" style=\"padding-top:var(--wp--preset--spacing--70);padding-bottom:var(--wp--preset--spacing--70)\">\n<h1 class=\"wp-block-heading\">Cena y Fiesta<\/h1>\n\n\n\n<figure class=\"wp-block-image alignwide size-large\"><img loading=\"lazy\" decoding=\"async\" width=\"1024\" height=\"251\" src=\"https:\/\/sabi.org.ar\/congreso\/wp-content\/uploads\/2025\/09\/Villa_Alumine_3-1024x251.png\" alt=\"\" class=\"wp-image-1430\" srcset=\"https:\/\/sabi.org.ar\/congreso\/wp-content\/uploads\/2025\/09\/Villa_Alumine_3-1024x251.png 1024w, https:\/\/sabi.org.ar\/congreso\/wp-content\/uploads\/2025\/09\/Villa_Alumine_3-300x74.png 300w, https:\/\/sabi.org.ar\/congreso\/wp-content\/uploads\/2025\/09\/Villa_Alumine_3-768x188.png 768w, https:\/\/sabi.org.ar\/congreso\/wp-content\/uploads\/2025\/09\/Villa_Alumine_3-1536x377.png 1536w, https:\/\/sabi.org.ar\/congreso\/wp-content\/uploads\/2025\/09\/Villa_Alumine_3-2048x502.png 2048w\" sizes=\"auto, (max-width: 1024px) 100vw, 1024px\" \/><\/figure>\n\n\n\n<p>\u00a1Te invitamos a celebrar el Congreso SABI 2025 con una noche especial de camarader\u00eda y diversi\u00f3n!<\/p>\n\n\n\n<p><strong>Fecha y hora:<\/strong>&nbsp;Jueves 16 de octubre de 2025 a las 21.00hs.<\/p>\n\n\n\n<p><strong>Lugar: <a href=\"https:\/\/www.instagram.com\/marasocialclub\/?hl=es\" target=\"_blank\" rel=\"noreferrer noopener\">MARA (Villa Alumin\u00e9)<\/a>.<\/strong><\/p>\n\n\n\n<figure class=\"wp-block-image aligncenter size-large\" style=\"margin-bottom:var(--wp--preset--spacing--50)\"><img loading=\"lazy\" decoding=\"async\" width=\"1024\" height=\"561\" src=\"https:\/\/sabi.org.ar\/congreso\/wp-content\/uploads\/2025\/09\/Villa_Alumine_4-1024x561.jpg\" alt=\"\" class=\"wp-image-1431\" srcset=\"https:\/\/sabi.org.ar\/congreso\/wp-content\/uploads\/2025\/09\/Villa_Alumine_4-1024x561.jpg 1024w, https:\/\/sabi.org.ar\/congreso\/wp-content\/uploads\/2025\/09\/Villa_Alumine_4-300x164.jpg 300w, https:\/\/sabi.org.ar\/congreso\/wp-content\/uploads\/2025\/09\/Villa_Alumine_4-768x420.jpg 768w, https:\/\/sabi.org.ar\/congreso\/wp-content\/uploads\/2025\/09\/Villa_Alumine_4-1536x841.jpg 1536w, https:\/\/sabi.org.ar\/congreso\/wp-content\/uploads\/2025\/09\/Villa_Alumine_4.jpg 2048w\" sizes=\"auto, (max-width: 1024px) 100vw, 1024px\" \/><\/figure>\n\n\n\n<p><strong>Direcci\u00f3n:<\/strong>&nbsp;Falucho 32,&nbsp;Mar del Plata.<\/p>\n\n\n\n<iframe \n  src=\"https:\/\/www.google.com\/maps\/embed?pb=!1m14!1m8!1m3!1d940.3106744223332!2d-57.5259388!3d-38.0182644!3m2!1i1024!2i768!4f13.1!3m3!1m2!1s0x9584dc4b98bed815%3A0xf4ea599a474de3cf!2sVilla%20Alumin%C3%A9!5e1!3m2!1ses-419!2sar!4v1757439384398!5m2!1ses-419!2sar\" \n  width=\"80%\" height=\"450\" \n  style=\"border:0; display:block; margin:20px auto;\" \n  allowfullscreen=\"\" \n  loading=\"lazy\" \n  referrerpolicy=\"no-referrer-when-downgrade\">\n<\/iframe>\n\n\n\n<p>Ofrecemos dos opciones de participaci\u00f3n:<\/p>\n\n\n\n<p><strong>OPCI\u00d3N 1: Entrada General (Cena + Fiesta)<\/strong><\/p>\n\n\n\n<p>Precio:&nbsp;AR$&nbsp;55.000&nbsp;(no residentes: U$S 40)<\/p>\n\n\n\n<p><em>Men\u00fa: <\/em><em>tablas de quesos estacionados, fiambres selectos y vegetales + fingers y tapas fr\u00edas y calientes + postre + 3 bebidas a elecci\u00f3n.<\/em><em><\/em><\/p>\n\n\n\n<p><strong>OPCI\u00d3N 2: \u00danicamente&nbsp;Fiesta (AGOTADA)<\/strong><\/p>\n\n\n\n<p>Precio:&nbsp;AR$&nbsp;22.000&nbsp;(no residentes: U$S 15)<\/p>\n\n\n\n<p><em>Incluye acceso y 2 <\/em><em>bebidas a elecci\u00f3n<\/em><em> <\/em><em><\/em><\/p>\n\n\n\n<p><strong>IMPORTANTE: \u00a1Por capacidad propia del sal\u00f3n, el cupo es limitado!<\/strong><\/p>\n\n\n\n<p>A continuaci\u00f3n, encontrar\u00e1s el link al formulario de inscripci\u00f3n, donde podes seleccionar la opci\u00f3n, ver el men\u00fa en detalle, informaci\u00f3n de pago y dejarnos informaci\u00f3n sobre alergias alimentarias.<\/p>\n\n\n\n<p><a href=\"https:\/\/forms.gle\/fTzvLPZzSYm5HrmC7\" target=\"_blank\" rel=\"noreferrer noopener\">Formulario de inscripci\u00f3n<\/a> (Cerrado)<\/p>\n<\/div>\n","protected":false},"excerpt":{"rendered":"<p>Cena y Fiesta \u00a1Te invitamos a celebrar el Congreso SABI 2025 con una noche especial de camarader\u00eda y diversi\u00f3n! Fecha y hora:&nbsp;Jueves 16 de octubre de 2025 a las 21.00hs. Lugar: MARA (Villa Alumin\u00e9). Direcci\u00f3n:&nbsp;Falucho 32,&nbsp;Mar del Plata. Ofrecemos dos opciones de participaci\u00f3n: OPCI\u00d3N 1: Entrada General (Cena + Fiesta) Precio:&nbsp;AR$&nbsp;55.000&nbsp;(no residentes: U$S 40) Men\u00fa: [&hellip;]<\/p>\n","protected":false},"author":2,"featured_media":0,"parent":0,"menu_order":0,"comment_status":"closed","ping_status":"closed","template":"","meta":{"footnotes":""},"class_list":["post-1429","page","type-page","status-publish","hentry"],"yoast_head":"<!-- This site is optimized with the Yoast SEO plugin v24.6 - https:\/\/yoast.com\/wordpress\/plugins\/seo\/ -->\n<title>Cena y Fiesta - SABI 2025<\/title>\n<meta name=\"robots\" content=\"index, follow, max-snippet:-1, max-image-preview:large, max-video-preview:-1\" \/>\n<link rel=\"canonical\" href=\"https:\/\/sabi.org.ar\/congreso\/cena-y-fiesta\/\" \/>\n<meta property=\"og:locale\" content=\"es_ES\" \/>\n<meta property=\"og:type\" content=\"article\" \/>\n<meta property=\"og:title\" content=\"Cena y Fiesta - SABI 2025\" \/>\n<meta property=\"og:description\" content=\"Cena y Fiesta \u00a1Te invitamos a celebrar el Congreso SABI 2025 con una noche especial de camarader\u00eda y diversi\u00f3n! Fecha y hora:&nbsp;Jueves 16 de octubre de 2025 a las 21.00hs. Lugar: MARA (Villa Alumin\u00e9). Direcci\u00f3n:&nbsp;Falucho 32,&nbsp;Mar del Plata. Ofrecemos dos opciones de participaci\u00f3n: OPCI\u00d3N 1: Entrada General (Cena + Fiesta) Precio:&nbsp;AR$&nbsp;55.000&nbsp;(no residentes: U$S 40) Men\u00fa: [&hellip;]\" \/>\n<meta property=\"og:url\" content=\"https:\/\/sabi.org.ar\/congreso\/cena-y-fiesta\/\" \/>\n<meta property=\"og:site_name\" content=\"SABI 2025\" \/>\n<meta property=\"article:modified_time\" content=\"2025-10-19T14:03:20+00:00\" \/>\n<meta property=\"og:image\" content=\"https:\/\/sabi.org.ar\/congreso\/wp-content\/uploads\/2025\/09\/Villa_Alumine_3-scaled.png\" \/>\n\t<meta property=\"og:image:width\" content=\"2560\" \/>\n\t<meta property=\"og:image:height\" content=\"628\" \/>\n\t<meta property=\"og:image:type\" content=\"image\/png\" \/>\n<meta name=\"twitter:card\" content=\"summary_large_image\" \/>\n<meta name=\"twitter:label1\" content=\"Tiempo de lectura\" \/>\n\t<meta name=\"twitter:data1\" content=\"2 minutos\" \/>\n<script type=\"application\/ld+json\" class=\"yoast-schema-graph\">{\"@context\":\"https:\/\/schema.org\",\"@graph\":[{\"@type\":\"WebPage\",\"@id\":\"https:\/\/sabi.org.ar\/congreso\/cena-y-fiesta\/\",\"url\":\"https:\/\/sabi.org.ar\/congreso\/cena-y-fiesta\/\",\"name\":\"Cena y Fiesta - SABI 2025\",\"isPartOf\":{\"@id\":\"https:\/\/sabi.org.ar\/congreso\/#website\"},\"primaryImageOfPage\":{\"@id\":\"https:\/\/sabi.org.ar\/congreso\/cena-y-fiesta\/#primaryimage\"},\"image\":{\"@id\":\"https:\/\/sabi.org.ar\/congreso\/cena-y-fiesta\/#primaryimage\"},\"thumbnailUrl\":\"https:\/\/sabi.org.ar\/congreso\/wp-content\/uploads\/2025\/09\/Villa_Alumine_3-1024x251.png\",\"datePublished\":\"2025-09-09T17:44:06+00:00\",\"dateModified\":\"2025-10-19T14:03:20+00:00\",\"breadcrumb\":{\"@id\":\"https:\/\/sabi.org.ar\/congreso\/cena-y-fiesta\/#breadcrumb\"},\"inLanguage\":\"es\",\"potentialAction\":[{\"@type\":\"ReadAction\",\"target\":[\"https:\/\/sabi.org.ar\/congreso\/cena-y-fiesta\/\"]}]},{\"@type\":\"ImageObject\",\"inLanguage\":\"es\",\"@id\":\"https:\/\/sabi.org.ar\/congreso\/cena-y-fiesta\/#primaryimage\",\"url\":\"https:\/\/sabi.org.ar\/congreso\/wp-content\/uploads\/2025\/09\/Villa_Alumine_3-scaled.png\",\"contentUrl\":\"https:\/\/sabi.org.ar\/congreso\/wp-content\/uploads\/2025\/09\/Villa_Alumine_3-scaled.png\",\"width\":2560,\"height\":628},{\"@type\":\"BreadcrumbList\",\"@id\":\"https:\/\/sabi.org.ar\/congreso\/cena-y-fiesta\/#breadcrumb\",\"itemListElement\":[{\"@type\":\"ListItem\",\"position\":1,\"name\":\"Portada\",\"item\":\"https:\/\/sabi.org.ar\/congreso\/\"},{\"@type\":\"ListItem\",\"position\":2,\"name\":\"Cena y Fiesta\"}]},{\"@type\":\"WebSite\",\"@id\":\"https:\/\/sabi.org.ar\/congreso\/#website\",\"url\":\"https:\/\/sabi.org.ar\/congreso\/\",\"name\":\"SABI 2025\",\"description\":\"Congreso SABI 2025\",\"publisher\":{\"@id\":\"https:\/\/sabi.org.ar\/congreso\/#organization\"},\"potentialAction\":[{\"@type\":\"SearchAction\",\"target\":{\"@type\":\"EntryPoint\",\"urlTemplate\":\"https:\/\/sabi.org.ar\/congreso\/?s={search_term_string}\"},\"query-input\":{\"@type\":\"PropertyValueSpecification\",\"valueRequired\":true,\"valueName\":\"search_term_string\"}}],\"inLanguage\":\"es\"},{\"@type\":\"Organization\",\"@id\":\"https:\/\/sabi.org.ar\/congreso\/#organization\",\"name\":\"Sociedad Argentina de BioIngenieria - Congreso 2025\",\"url\":\"https:\/\/sabi.org.ar\/congreso\/\",\"logo\":{\"@type\":\"ImageObject\",\"inLanguage\":\"es\",\"@id\":\"https:\/\/sabi.org.ar\/congreso\/#\/schema\/logo\/image\/\",\"url\":\"https:\/\/sabi.org.ar\/congreso\/wp-content\/uploads\/2025\/02\/Logo-Congresos-SABI-dibujito.png\",\"contentUrl\":\"https:\/\/sabi.org.ar\/congreso\/wp-content\/uploads\/2025\/02\/Logo-Congresos-SABI-dibujito.png\",\"width\":440,\"height\":599,\"caption\":\"Sociedad Argentina de BioIngenieria - Congreso 2025\"},\"image\":{\"@id\":\"https:\/\/sabi.org.ar\/congreso\/#\/schema\/logo\/image\/\"},\"sameAs\":[\"https:\/\/www.instagram.com\/congresosabi\/\"]}]}<\/script>\n<!-- \/ Yoast SEO plugin. -->","yoast_head_json":{"title":"Cena y Fiesta - SABI 2025","robots":{"index":"index","follow":"follow","max-snippet":"max-snippet:-1","max-image-preview":"max-image-preview:large","max-video-preview":"max-video-preview:-1"},"canonical":"https:\/\/sabi.org.ar\/congreso\/cena-y-fiesta\/","og_locale":"es_ES","og_type":"article","og_title":"Cena y Fiesta - SABI 2025","og_description":"Cena y Fiesta \u00a1Te invitamos a celebrar el Congreso SABI 2025 con una noche especial de camarader\u00eda y diversi\u00f3n! Fecha y hora:&nbsp;Jueves 16 de octubre de 2025 a las 21.00hs. Lugar: MARA (Villa Alumin\u00e9). Direcci\u00f3n:&nbsp;Falucho 32,&nbsp;Mar del Plata. Ofrecemos dos opciones de participaci\u00f3n: OPCI\u00d3N 1: Entrada General (Cena + Fiesta) Precio:&nbsp;AR$&nbsp;55.000&nbsp;(no residentes: U$S 40) Men\u00fa: [&hellip;]","og_url":"https:\/\/sabi.org.ar\/congreso\/cena-y-fiesta\/","og_site_name":"SABI 2025","article_modified_time":"2025-10-19T14:03:20+00:00","og_image":[{"width":2560,"height":628,"url":"https:\/\/sabi.org.ar\/congreso\/wp-content\/uploads\/2025\/09\/Villa_Alumine_3-scaled.png","type":"image\/png"}],"twitter_card":"summary_large_image","twitter_misc":{"Tiempo de lectura":"2 minutos"},"schema":{"@context":"https:\/\/schema.org","@graph":[{"@type":"WebPage","@id":"https:\/\/sabi.org.ar\/congreso\/cena-y-fiesta\/","url":"https:\/\/sabi.org.ar\/congreso\/cena-y-fiesta\/","name":"Cena y Fiesta - SABI 2025","isPartOf":{"@id":"https:\/\/sabi.org.ar\/congreso\/#website"},"primaryImageOfPage":{"@id":"https:\/\/sabi.org.ar\/congreso\/cena-y-fiesta\/#primaryimage"},"image":{"@id":"https:\/\/sabi.org.ar\/congreso\/cena-y-fiesta\/#primaryimage"},"thumbnailUrl":"https:\/\/sabi.org.ar\/congreso\/wp-content\/uploads\/2025\/09\/Villa_Alumine_3-1024x251.png","datePublished":"2025-09-09T17:44:06+00:00","dateModified":"2025-10-19T14:03:20+00:00","breadcrumb":{"@id":"https:\/\/sabi.org.ar\/congreso\/cena-y-fiesta\/#breadcrumb"},"inLanguage":"es","potentialAction":[{"@type":"ReadAction","target":["https:\/\/sabi.org.ar\/congreso\/cena-y-fiesta\/"]}]},{"@type":"ImageObject","inLanguage":"es","@id":"https:\/\/sabi.org.ar\/congreso\/cena-y-fiesta\/#primaryimage","url":"https:\/\/sabi.org.ar\/congreso\/wp-content\/uploads\/2025\/09\/Villa_Alumine_3-scaled.png","contentUrl":"https:\/\/sabi.org.ar\/congreso\/wp-content\/uploads\/2025\/09\/Villa_Alumine_3-scaled.png","width":2560,"height":628},{"@type":"BreadcrumbList","@id":"https:\/\/sabi.org.ar\/congreso\/cena-y-fiesta\/#breadcrumb","itemListElement":[{"@type":"ListItem","position":1,"name":"Portada","item":"https:\/\/sabi.org.ar\/congreso\/"},{"@type":"ListItem","position":2,"name":"Cena y Fiesta"}]},{"@type":"WebSite","@id":"https:\/\/sabi.org.ar\/congreso\/#website","url":"https:\/\/sabi.org.ar\/congreso\/","name":"SABI 2025","description":"Congreso SABI 2025","publisher":{"@id":"https:\/\/sabi.org.ar\/congreso\/#organization"},"potentialAction":[{"@type":"SearchAction","target":{"@type":"EntryPoint","urlTemplate":"https:\/\/sabi.org.ar\/congreso\/?s={search_term_string}"},"query-input":{"@type":"PropertyValueSpecification","valueRequired":true,"valueName":"search_term_string"}}],"inLanguage":"es"},{"@type":"Organization","@id":"https:\/\/sabi.org.ar\/congreso\/#organization","name":"Sociedad Argentina de BioIngenieria - Congreso 2025","url":"https:\/\/sabi.org.ar\/congreso\/","logo":{"@type":"ImageObject","inLanguage":"es","@id":"https:\/\/sabi.org.ar\/congreso\/#\/schema\/logo\/image\/","url":"https:\/\/sabi.org.ar\/congreso\/wp-content\/uploads\/2025\/02\/Logo-Congresos-SABI-dibujito.png","contentUrl":"https:\/\/sabi.org.ar\/congreso\/wp-content\/uploads\/2025\/02\/Logo-Congresos-SABI-dibujito.png","width":440,"height":599,"caption":"Sociedad Argentina de BioIngenieria - Congreso 2025"},"image":{"@id":"https:\/\/sabi.org.ar\/congreso\/#\/schema\/logo\/image\/"},"sameAs":["https:\/\/www.instagram.com\/congresosabi\/"]}]}},"_links":{"self":[{"href":"https:\/\/sabi.org.ar\/congreso\/wp-json\/wp\/v2\/pages\/1429","targetHints":{"allow":["GET"]}}],"collection":[{"href":"https:\/\/sabi.org.ar\/congreso\/wp-json\/wp\/v2\/pages"}],"about":[{"href":"https:\/\/sabi.org.ar\/congreso\/wp-json\/wp\/v2\/types\/page"}],"author":[{"embeddable":true,"href":"https:\/\/sabi.org.ar\/congreso\/wp-json\/wp\/v2\/users\/2"}],"replies":[{"embeddable":true,"href":"https:\/\/sabi.org.ar\/congreso\/wp-json\/wp\/v2\/comments?post=1429"}],"version-history":[{"count":9,"href":"https:\/\/sabi.org.ar\/congreso\/wp-json\/wp\/v2\/pages\/1429\/revisions"}],"predecessor-version":[{"id":1587,"href":"https:\/\/sabi.org.ar\/congreso\/wp-json\/wp\/v2\/pages\/1429\/revisions\/1587"}],"wp:attachment":[{"href":"https:\/\/sabi.org.ar\/congreso\/wp-json\/wp\/v2\/media?parent=1429"}],"curies":[{"name":"wp","href":"https:\/\/api.w.org\/{rel}","templated":true}]}}