{"id":1480,"date":"2025-09-23T14:40:51","date_gmt":"2025-09-23T14:40:51","guid":{"rendered":"https:\/\/sabi.org.ar\/congreso\/?page_id=1480"},"modified":"2025-10-19T14:02:01","modified_gmt":"2025-10-19T14:02:01","slug":"libro-de-resumenes-y-proceedings","status":"publish","type":"page","link":"https:\/\/sabi.org.ar\/congreso\/libro-de-resumenes-y-proceedings\/","title":{"rendered":"SABI &#8211; Libro de Res\u00famenes y Proceedings"},"content":{"rendered":"\n<div class=\"wp-block-group has-global-padding is-layout-constrained wp-container-core-group-is-layout-fefab3f1 wp-block-group-is-layout-constrained\" style=\"margin-top:0;margin-bottom:0;padding-top:var(--wp--preset--spacing--60);padding-bottom:var(--wp--preset--spacing--60)\">\n<h1 class=\"wp-block-heading\">IFMBE Springer Proceedings<\/h1>\n\n\n\n<div class=\"wp-block-media-text is-stacked-on-mobile\" style=\"grid-template-columns:30% auto\"><figure class=\"wp-block-media-text__media\"><a href=\"https:\/\/link.springer.com\/book\/10.1007\/978-3-032-06401-1\" target=\"_blank\"><img loading=\"lazy\" decoding=\"async\" width=\"675\" height=\"1024\" src=\"https:\/\/sabi.org.ar\/congreso\/wp-content\/uploads\/2025\/09\/Cover-675x1024.png\" alt=\"\" class=\"wp-image-1483 size-full\" srcset=\"https:\/\/sabi.org.ar\/congreso\/wp-content\/uploads\/2025\/09\/Cover-675x1024.png 675w, https:\/\/sabi.org.ar\/congreso\/wp-content\/uploads\/2025\/09\/Cover-198x300.png 198w, https:\/\/sabi.org.ar\/congreso\/wp-content\/uploads\/2025\/09\/Cover-768x1165.png 768w, https:\/\/sabi.org.ar\/congreso\/wp-content\/uploads\/2025\/09\/Cover.png 827w\" sizes=\"auto, (max-width: 675px) 100vw, 675px\" \/><\/a><\/figure><div class=\"wp-block-media-text__content\">\n<p>\u00a1Los trabajos completos de aquellos autores que hayan optado por publicar en IFMBE ya se encuentran en l\u00ednea!<\/p>\n\n\n\n<p>Los participantes del Congreso ya tenemos acceso a los trabajos completos, pero solo por un per\u00edodo limitado. La editorial Springer asegura que <em>\u00abThe free access for the conference participants will be granted for 4-6 weeks.\u00bb<\/em><\/p>\n\n\n\n<p><strong><a href=\"https:\/\/link.springer.com\/book\/10.1007\/978-3-032-06401-1\" target=\"_blank\">Advances in Bioengineering and Clinical Engineering 2025<\/a><\/strong><\/p>\n\n\n\n<p><strong><a href=\"https:\/\/link.springer.com\/book\/10.1007\/978-3-032-06401-1\">Proceedings of the XXV Argentinian Congress of Bioengineering (SABI 2025), the XIV Clinical Engineering Conference, and the III Latin American Conference on Clinical Engineering (CLIC), October 14-17, 2025, Mar del Plata, Argentina<\/a><\/strong><\/p>\n<\/div><\/div>\n\n\n\n<h1 class=\"wp-block-heading\">Libro de Res\u00famenes en espa\u00f1ol<\/h1>\n\n\n\n<div class=\"wp-block-media-text is-stacked-on-mobile\" style=\"grid-template-columns:30% auto\"><figure class=\"wp-block-media-text__media\"><a href=\"https:\/\/drive.google.com\/file\/d\/1nkPnOv6GrCcKKHa6MaGEzBQSXAgUPBvG\/view?usp=sharing\" target=\"_blank\"><img loading=\"lazy\" decoding=\"async\" width=\"724\" height=\"1024\" src=\"https:\/\/sabi.org.ar\/congreso\/wp-content\/uploads\/2025\/10\/Caratula_Final_con_ISBN-1-724x1024.png\" alt=\"\" class=\"wp-image-1582 size-full\" srcset=\"https:\/\/sabi.org.ar\/congreso\/wp-content\/uploads\/2025\/10\/Caratula_Final_con_ISBN-1-724x1024.png 724w, https:\/\/sabi.org.ar\/congreso\/wp-content\/uploads\/2025\/10\/Caratula_Final_con_ISBN-1-212x300.png 212w, https:\/\/sabi.org.ar\/congreso\/wp-content\/uploads\/2025\/10\/Caratula_Final_con_ISBN-1-768x1086.png 768w, https:\/\/sabi.org.ar\/congreso\/wp-content\/uploads\/2025\/10\/Caratula_Final_con_ISBN-1-1086x1536.png 1086w, https:\/\/sabi.org.ar\/congreso\/wp-content\/uploads\/2025\/10\/Caratula_Final_con_ISBN-1-1448x2048.png 1448w, https:\/\/sabi.org.ar\/congreso\/wp-content\/uploads\/2025\/10\/Caratula_Final_con_ISBN-1-scaled.png 1810w\" sizes=\"auto, (max-width: 724px) 100vw, 724px\" \/><\/a><\/figure><div class=\"wp-block-media-text__content\">\n<p><a href=\"https:\/\/drive.google.com\/file\/d\/1nkPnOv6GrCcKKHa6MaGEzBQSXAgUPBvG\/view?usp=sharing\" target=\"_blank\" rel=\"noreferrer noopener\"><strong>Libro de Res\u00famenes del Congreso Argentino de Bioingenier\u00eda 2025 (SABI 2025), las XIV Jornadas de Ingenier\u00eda Cl\u00ednica y la III Conferencia Latinoamericana de Ingenier\u00eda Cl\u00ednica (CLIC).<\/strong><\/a><\/p>\n<\/div><\/div>\n<\/div>\n\n\n\n<p><\/p>\n","protected":false},"excerpt":{"rendered":"<p>IFMBE Springer Proceedings \u00a1Los trabajos completos de aquellos autores que hayan optado por publicar en IFMBE ya se encuentran en l\u00ednea! Los participantes del Congreso ya tenemos acceso a los trabajos completos, pero solo por un per\u00edodo limitado. La editorial Springer asegura que \u00abThe free access for the conference participants will be granted for 4-6 [&hellip;]<\/p>\n","protected":false},"author":2,"featured_media":0,"parent":0,"menu_order":0,"comment_status":"closed","ping_status":"closed","template":"","meta":{"footnotes":""},"class_list":["post-1480","page","type-page","status-publish","hentry"],"yoast_head":"<!-- This site is optimized with the Yoast SEO plugin v24.6 - https:\/\/yoast.com\/wordpress\/plugins\/seo\/ -->\n<title>SABI - Libro de Res\u00famenes y Proceedings - SABI 2025<\/title>\n<meta name=\"robots\" content=\"index, follow, max-snippet:-1, max-image-preview:large, max-video-preview:-1\" \/>\n<link rel=\"canonical\" href=\"https:\/\/sabi.org.ar\/congreso\/libro-de-resumenes-y-proceedings\/\" \/>\n<meta property=\"og:locale\" content=\"es_ES\" \/>\n<meta property=\"og:type\" content=\"article\" \/>\n<meta property=\"og:title\" content=\"SABI - Libro de Res\u00famenes y Proceedings - SABI 2025\" \/>\n<meta property=\"og:description\" content=\"IFMBE Springer Proceedings \u00a1Los trabajos completos de aquellos autores que hayan optado por publicar en IFMBE ya se encuentran en l\u00ednea! Los participantes del Congreso ya tenemos acceso a los trabajos completos, pero solo por un per\u00edodo limitado. La editorial Springer asegura que \u00abThe free access for the conference participants will be granted for 4-6 [&hellip;]\" \/>\n<meta property=\"og:url\" content=\"https:\/\/sabi.org.ar\/congreso\/libro-de-resumenes-y-proceedings\/\" \/>\n<meta property=\"og:site_name\" content=\"SABI 2025\" \/>\n<meta property=\"article:modified_time\" content=\"2025-10-19T14:02:01+00:00\" \/>\n<meta property=\"og:image\" content=\"https:\/\/sabi.org.ar\/congreso\/wp-content\/uploads\/2025\/09\/Cover.png\" \/>\n\t<meta property=\"og:image:width\" content=\"827\" \/>\n\t<meta property=\"og:image:height\" content=\"1254\" \/>\n\t<meta property=\"og:image:type\" content=\"image\/png\" \/>\n<meta name=\"twitter:card\" content=\"summary_large_image\" \/>\n<meta name=\"twitter:label1\" content=\"Tiempo de lectura\" \/>\n\t<meta name=\"twitter:data1\" content=\"1 minuto\" \/>\n<script type=\"application\/ld+json\" class=\"yoast-schema-graph\">{\"@context\":\"https:\/\/schema.org\",\"@graph\":[{\"@type\":\"WebPage\",\"@id\":\"https:\/\/sabi.org.ar\/congreso\/libro-de-resumenes-y-proceedings\/\",\"url\":\"https:\/\/sabi.org.ar\/congreso\/libro-de-resumenes-y-proceedings\/\",\"name\":\"SABI - Libro de Res\u00famenes y Proceedings - SABI 2025\",\"isPartOf\":{\"@id\":\"https:\/\/sabi.org.ar\/congreso\/#website\"},\"primaryImageOfPage\":{\"@id\":\"https:\/\/sabi.org.ar\/congreso\/libro-de-resumenes-y-proceedings\/#primaryimage\"},\"image\":{\"@id\":\"https:\/\/sabi.org.ar\/congreso\/libro-de-resumenes-y-proceedings\/#primaryimage\"},\"thumbnailUrl\":\"https:\/\/sabi.org.ar\/congreso\/wp-content\/uploads\/2025\/09\/Cover-675x1024.png\",\"datePublished\":\"2025-09-23T14:40:51+00:00\",\"dateModified\":\"2025-10-19T14:02:01+00:00\",\"breadcrumb\":{\"@id\":\"https:\/\/sabi.org.ar\/congreso\/libro-de-resumenes-y-proceedings\/#breadcrumb\"},\"inLanguage\":\"es\",\"potentialAction\":[{\"@type\":\"ReadAction\",\"target\":[\"https:\/\/sabi.org.ar\/congreso\/libro-de-resumenes-y-proceedings\/\"]}]},{\"@type\":\"ImageObject\",\"inLanguage\":\"es\",\"@id\":\"https:\/\/sabi.org.ar\/congreso\/libro-de-resumenes-y-proceedings\/#primaryimage\",\"url\":\"https:\/\/sabi.org.ar\/congreso\/wp-content\/uploads\/2025\/09\/Cover.png\",\"contentUrl\":\"https:\/\/sabi.org.ar\/congreso\/wp-content\/uploads\/2025\/09\/Cover.png\",\"width\":827,\"height\":1254},{\"@type\":\"BreadcrumbList\",\"@id\":\"https:\/\/sabi.org.ar\/congreso\/libro-de-resumenes-y-proceedings\/#breadcrumb\",\"itemListElement\":[{\"@type\":\"ListItem\",\"position\":1,\"name\":\"Portada\",\"item\":\"https:\/\/sabi.org.ar\/congreso\/\"},{\"@type\":\"ListItem\",\"position\":2,\"name\":\"SABI &#8211; Libro de Res\u00famenes y Proceedings\"}]},{\"@type\":\"WebSite\",\"@id\":\"https:\/\/sabi.org.ar\/congreso\/#website\",\"url\":\"https:\/\/sabi.org.ar\/congreso\/\",\"name\":\"SABI 2025\",\"description\":\"Congreso SABI 2025\",\"publisher\":{\"@id\":\"https:\/\/sabi.org.ar\/congreso\/#organization\"},\"potentialAction\":[{\"@type\":\"SearchAction\",\"target\":{\"@type\":\"EntryPoint\",\"urlTemplate\":\"https:\/\/sabi.org.ar\/congreso\/?s={search_term_string}\"},\"query-input\":{\"@type\":\"PropertyValueSpecification\",\"valueRequired\":true,\"valueName\":\"search_term_string\"}}],\"inLanguage\":\"es\"},{\"@type\":\"Organization\",\"@id\":\"https:\/\/sabi.org.ar\/congreso\/#organization\",\"name\":\"Sociedad Argentina de BioIngenieria - Congreso 2025\",\"url\":\"https:\/\/sabi.org.ar\/congreso\/\",\"logo\":{\"@type\":\"ImageObject\",\"inLanguage\":\"es\",\"@id\":\"https:\/\/sabi.org.ar\/congreso\/#\/schema\/logo\/image\/\",\"url\":\"https:\/\/sabi.org.ar\/congreso\/wp-content\/uploads\/2025\/02\/Logo-Congresos-SABI-dibujito.png\",\"contentUrl\":\"https:\/\/sabi.org.ar\/congreso\/wp-content\/uploads\/2025\/02\/Logo-Congresos-SABI-dibujito.png\",\"width\":440,\"height\":599,\"caption\":\"Sociedad Argentina de BioIngenieria - Congreso 2025\"},\"image\":{\"@id\":\"https:\/\/sabi.org.ar\/congreso\/#\/schema\/logo\/image\/\"},\"sameAs\":[\"https:\/\/www.instagram.com\/congresosabi\/\"]}]}<\/script>\n<!-- \/ Yoast SEO plugin. -->","yoast_head_json":{"title":"SABI - Libro de Res\u00famenes y Proceedings - SABI 2025","robots":{"index":"index","follow":"follow","max-snippet":"max-snippet:-1","max-image-preview":"max-image-preview:large","max-video-preview":"max-video-preview:-1"},"canonical":"https:\/\/sabi.org.ar\/congreso\/libro-de-resumenes-y-proceedings\/","og_locale":"es_ES","og_type":"article","og_title":"SABI - Libro de Res\u00famenes y Proceedings - SABI 2025","og_description":"IFMBE Springer Proceedings \u00a1Los trabajos completos de aquellos autores que hayan optado por publicar en IFMBE ya se encuentran en l\u00ednea! Los participantes del Congreso ya tenemos acceso a los trabajos completos, pero solo por un per\u00edodo limitado. La editorial Springer asegura que \u00abThe free access for the conference participants will be granted for 4-6 [&hellip;]","og_url":"https:\/\/sabi.org.ar\/congreso\/libro-de-resumenes-y-proceedings\/","og_site_name":"SABI 2025","article_modified_time":"2025-10-19T14:02:01+00:00","og_image":[{"width":827,"height":1254,"url":"https:\/\/sabi.org.ar\/congreso\/wp-content\/uploads\/2025\/09\/Cover.png","type":"image\/png"}],"twitter_card":"summary_large_image","twitter_misc":{"Tiempo de lectura":"1 minuto"},"schema":{"@context":"https:\/\/schema.org","@graph":[{"@type":"WebPage","@id":"https:\/\/sabi.org.ar\/congreso\/libro-de-resumenes-y-proceedings\/","url":"https:\/\/sabi.org.ar\/congreso\/libro-de-resumenes-y-proceedings\/","name":"SABI - Libro de Res\u00famenes y Proceedings - SABI 2025","isPartOf":{"@id":"https:\/\/sabi.org.ar\/congreso\/#website"},"primaryImageOfPage":{"@id":"https:\/\/sabi.org.ar\/congreso\/libro-de-resumenes-y-proceedings\/#primaryimage"},"image":{"@id":"https:\/\/sabi.org.ar\/congreso\/libro-de-resumenes-y-proceedings\/#primaryimage"},"thumbnailUrl":"https:\/\/sabi.org.ar\/congreso\/wp-content\/uploads\/2025\/09\/Cover-675x1024.png","datePublished":"2025-09-23T14:40:51+00:00","dateModified":"2025-10-19T14:02:01+00:00","breadcrumb":{"@id":"https:\/\/sabi.org.ar\/congreso\/libro-de-resumenes-y-proceedings\/#breadcrumb"},"inLanguage":"es","potentialAction":[{"@type":"ReadAction","target":["https:\/\/sabi.org.ar\/congreso\/libro-de-resumenes-y-proceedings\/"]}]},{"@type":"ImageObject","inLanguage":"es","@id":"https:\/\/sabi.org.ar\/congreso\/libro-de-resumenes-y-proceedings\/#primaryimage","url":"https:\/\/sabi.org.ar\/congreso\/wp-content\/uploads\/2025\/09\/Cover.png","contentUrl":"https:\/\/sabi.org.ar\/congreso\/wp-content\/uploads\/2025\/09\/Cover.png","width":827,"height":1254},{"@type":"BreadcrumbList","@id":"https:\/\/sabi.org.ar\/congreso\/libro-de-resumenes-y-proceedings\/#breadcrumb","itemListElement":[{"@type":"ListItem","position":1,"name":"Portada","item":"https:\/\/sabi.org.ar\/congreso\/"},{"@type":"ListItem","position":2,"name":"SABI &#8211; Libro de Res\u00famenes y Proceedings"}]},{"@type":"WebSite","@id":"https:\/\/sabi.org.ar\/congreso\/#website","url":"https:\/\/sabi.org.ar\/congreso\/","name":"SABI 2025","description":"Congreso SABI 2025","publisher":{"@id":"https:\/\/sabi.org.ar\/congreso\/#organization"},"potentialAction":[{"@type":"SearchAction","target":{"@type":"EntryPoint","urlTemplate":"https:\/\/sabi.org.ar\/congreso\/?s={search_term_string}"},"query-input":{"@type":"PropertyValueSpecification","valueRequired":true,"valueName":"search_term_string"}}],"inLanguage":"es"},{"@type":"Organization","@id":"https:\/\/sabi.org.ar\/congreso\/#organization","name":"Sociedad Argentina de BioIngenieria - Congreso 2025","url":"https:\/\/sabi.org.ar\/congreso\/","logo":{"@type":"ImageObject","inLanguage":"es","@id":"https:\/\/sabi.org.ar\/congreso\/#\/schema\/logo\/image\/","url":"https:\/\/sabi.org.ar\/congreso\/wp-content\/uploads\/2025\/02\/Logo-Congresos-SABI-dibujito.png","contentUrl":"https:\/\/sabi.org.ar\/congreso\/wp-content\/uploads\/2025\/02\/Logo-Congresos-SABI-dibujito.png","width":440,"height":599,"caption":"Sociedad Argentina de BioIngenieria - Congreso 2025"},"image":{"@id":"https:\/\/sabi.org.ar\/congreso\/#\/schema\/logo\/image\/"},"sameAs":["https:\/\/www.instagram.com\/congresosabi\/"]}]}},"_links":{"self":[{"href":"https:\/\/sabi.org.ar\/congreso\/wp-json\/wp\/v2\/pages\/1480","targetHints":{"allow":["GET"]}}],"collection":[{"href":"https:\/\/sabi.org.ar\/congreso\/wp-json\/wp\/v2\/pages"}],"about":[{"href":"https:\/\/sabi.org.ar\/congreso\/wp-json\/wp\/v2\/types\/page"}],"author":[{"embeddable":true,"href":"https:\/\/sabi.org.ar\/congreso\/wp-json\/wp\/v2\/users\/2"}],"replies":[{"embeddable":true,"href":"https:\/\/sabi.org.ar\/congreso\/wp-json\/wp\/v2\/comments?post=1480"}],"version-history":[{"count":22,"href":"https:\/\/sabi.org.ar\/congreso\/wp-json\/wp\/v2\/pages\/1480\/revisions"}],"predecessor-version":[{"id":1586,"href":"https:\/\/sabi.org.ar\/congreso\/wp-json\/wp\/v2\/pages\/1480\/revisions\/1586"}],"wp:attachment":[{"href":"https:\/\/sabi.org.ar\/congreso\/wp-json\/wp\/v2\/media?parent=1480"}],"curies":[{"name":"wp","href":"https:\/\/api.w.org\/{rel}","templated":true}]}}