{"id":72,"date":"2025-02-18T22:15:07","date_gmt":"2025-02-18T22:15:07","guid":{"rendered":"https:\/\/sabi.org.ar\/congreso\/?page_id=72"},"modified":"2025-06-13T13:04:40","modified_gmt":"2025-06-13T13:04:40","slug":"informacion","status":"publish","type":"page","link":"https:\/\/sabi.org.ar\/congreso\/informacion\/","title":{"rendered":"SABI 2025 &#8211; Informaci\u00f3n"},"content":{"rendered":"\n<div class=\"wp-block-group has-global-padding is-layout-constrained wp-container-core-group-is-layout-c0c79701 wp-block-group-is-layout-constrained\" style=\"padding-top:var(--wp--preset--spacing--70);padding-bottom:var(--wp--preset--spacing--70)\">\n<h1 class=\"wp-block-heading\">Informaci\u00f3n<\/h1>\n\n\n\n<div class=\"wp-block-group is-vertical is-content-justification-left is-layout-flex wp-container-core-group-is-layout-01cf2f9b wp-block-group-is-layout-flex\" style=\"margin-top:0;margin-bottom:0;padding-top:var(--wp--preset--spacing--60);padding-bottom:0\">\n<p>El congreso se llevar\u00e1 a cabo en el <a href=\"https:\/\/www.hotel13dejuliomdq.com.ar\" target=\"_blank\" rel=\"noreferrer noopener\">Hotel 13 de Julio<\/a>.<\/p>\n\n\n\n<p>Dada la cantidad de congresos que se organizan en la ciudad, sugerimos que se reserve el alojamiento con anticipaci\u00f3n. Mar del Plata ofrece una amplia gama de servicios para todos los presupuestos.<\/p>\n<\/div>\n\n\n\n<h1 class=\"wp-block-heading\">Sede<\/h1>\n\n\n\n<div class=\"wp-block-gmap-gmap-block gmap-block-jqtsc6ml\"><iframe src=\"https:\/\/maps.google.com\/maps?q=Hotel+13+de+Julio&amp;z=15&amp;t=roadmap&amp;output=embed\" class=\"embd-map\" title=\"Hotel 13 de Julio\"><\/iframe><\/div>\n\n\n\n<h1 class=\"wp-block-heading\">Contacto<\/h1>\n\n\n\n<p>Adem\u00e1s de este sitio web, los invitamos a seguirnos en Instagram: <a href=\"https:\/\/www.instagram.com\/congresosabi\/\" target=\"_blank\" rel=\"noreferrer noopener\">@congresosa<\/a><a href=\"https:\/\/www.instagram.com\/congresosabi\/\">bi<\/a>, donde iremos publicando informaci\u00f3n actualizada semana a semana.<\/p>\n\n\n\n<p class=\"has-text-align-left\">Tambi\u00e9n los invitamos a seguir en Instagram:<\/p>\n\n\n\n<ul class=\"wp-block-list\">\n<li>Sociedad Argentina de Bioingenier\u00eda: <a href=\"https:\/\/www.instagram.com\/infosabi\" target=\"_blank\" rel=\"noreferrer noopener\">@infosabi<\/a><\/li>\n\n\n\n<li>Asociaci\u00f3n Peruana de Ingenieros Cl\u00ednicos: <a href=\"https:\/\/www.instagram.com\/aspicperu\" target=\"_blank\" rel=\"noreferrer noopener\">@aspicperu<\/a><\/li>\n\n\n\n<li>Cap\u00edtulo de Estudiantes de SABI: <a href=\"https:\/\/www.instagram.com\/capituloestudiantilsabi\" target=\"_blank\" rel=\"noreferrer noopener\">@capituloestudiantilsabi<\/a><\/li>\n<\/ul>\n\n\n\n<p>Email de contacto: <a href=\"mailto:congreso@sabi.org.ar\" target=\"_blank\" rel=\"noreferrer noopener\">congreso@sabi.org.ar<\/a><\/p>\n\n\n\n<div class=\"wp-block-group is-content-justification-center is-nowrap is-layout-flex wp-container-core-group-is-layout-23441af8 wp-block-group-is-layout-flex\">\n<div class=\"wp-block-media-text is-stacked-on-mobile logo-big\"><figure class=\"wp-block-media-text__media\"><img loading=\"lazy\" decoding=\"async\" width=\"512\" height=\"512\" src=\"https:\/\/sabi.org.ar\/congreso\/wp-content\/uploads\/2025\/02\/cropped-Logo-Congresos-SABI-dibujito-escalado.png\" alt=\"\" class=\"wp-image-445 size-full\" srcset=\"https:\/\/sabi.org.ar\/congreso\/wp-content\/uploads\/2025\/02\/cropped-Logo-Congresos-SABI-dibujito-escalado.png 512w, https:\/\/sabi.org.ar\/congreso\/wp-content\/uploads\/2025\/02\/cropped-Logo-Congresos-SABI-dibujito-escalado-300x300.png 300w, https:\/\/sabi.org.ar\/congreso\/wp-content\/uploads\/2025\/02\/cropped-Logo-Congresos-SABI-dibujito-escalado-150x150.png 150w, https:\/\/sabi.org.ar\/congreso\/wp-content\/uploads\/2025\/02\/cropped-Logo-Congresos-SABI-dibujito-escalado-270x270.png 270w, https:\/\/sabi.org.ar\/congreso\/wp-content\/uploads\/2025\/02\/cropped-Logo-Congresos-SABI-dibujito-escalado-192x192.png 192w, https:\/\/sabi.org.ar\/congreso\/wp-content\/uploads\/2025\/02\/cropped-Logo-Congresos-SABI-dibujito-escalado-180x180.png 180w, https:\/\/sabi.org.ar\/congreso\/wp-content\/uploads\/2025\/02\/cropped-Logo-Congresos-SABI-dibujito-escalado-32x32.png 32w\" sizes=\"auto, (max-width: 512px) 100vw, 512px\" \/><\/figure><div class=\"wp-block-media-text__content\">\n<p><br>En este logotipo quisimos representar algunos aspectos de nuestra ciudad, Mar del Plata, tomando algunos de sus \u00edconos, como son el <a href=\"https:\/\/es.wikipedia.org\/wiki\/Faro_Punta_Mogotes\" target=\"_blank\" rel=\"noreferrer noopener\">Faro Punta Mogotes<\/a> (en el sur de la ciudad), el mar (m\u00e1s de 28 km de playas) y <a href=\"https:\/\/g.co\/kgs\/Qfpz4xT\" target=\"_blank\" rel=\"noreferrer noopener\">los acantilados<\/a> (m\u00e1s al sur a\u00fan). La imagen tiene algunos gui\u00f1os sutiles sobre la tem\u00e1tica del congreso, como las olas, que si se hace zoom son se\u00f1ales de pulso, y las estrellas, que toman parte de la imagen de uno de los modelos actuales de inteligencia artificial. Asociamos la luz del faro al nuevo conocimiento que esperamos que se lleven los participantes del congreso.<\/p>\n<\/div><\/div>\n<\/div>\n\n\n\n<h1 class=\"wp-block-heading\">Sobre Mar del Plata<\/h1>\n\n\n\n<div class=\"wp-block-media-text is-stacked-on-mobile\" style=\"grid-template-columns:25% auto\"><figure class=\"wp-block-media-text__media\"><img loading=\"lazy\" decoding=\"async\" width=\"512\" height=\"512\" src=\"https:\/\/sabi.org.ar\/congreso\/wp-content\/uploads\/2025\/05\/MDP.png\" alt=\"\" class=\"wp-image-1022 size-full\" srcset=\"https:\/\/sabi.org.ar\/congreso\/wp-content\/uploads\/2025\/05\/MDP.png 512w, https:\/\/sabi.org.ar\/congreso\/wp-content\/uploads\/2025\/05\/MDP-300x300.png 300w, https:\/\/sabi.org.ar\/congreso\/wp-content\/uploads\/2025\/05\/MDP-150x150.png 150w\" sizes=\"auto, (max-width: 512px) 100vw, 512px\" \/><\/figure><div class=\"wp-block-media-text__content\">\n<p>Sitio web de turismo oficial: <a href=\"https:\/\/www.turismomardelplata.gob.ar\/\" target=\"_blank\" rel=\"noreferrer noopener\">https:\/\/www.turismomardelplata.gob.ar\/<\/a><\/p>\n<\/div><\/div>\n\n\n\n<div class=\"wp-block-media-text is-stacked-on-mobile is-vertically-aligned-center\" style=\"grid-template-columns:25% auto\"><figure class=\"wp-block-media-text__media\"><img loading=\"lazy\" decoding=\"async\" width=\"600\" height=\"365\" src=\"https:\/\/sabi.org.ar\/congreso\/wp-content\/uploads\/2025\/05\/AppMDP.jpg\" alt=\"\" class=\"wp-image-1023 size-full\" srcset=\"https:\/\/sabi.org.ar\/congreso\/wp-content\/uploads\/2025\/05\/AppMDP.jpg 600w, https:\/\/sabi.org.ar\/congreso\/wp-content\/uploads\/2025\/05\/AppMDP-300x183.jpg 300w\" sizes=\"auto, (max-width: 600px) 100vw, 600px\" \/><\/figure><div class=\"wp-block-media-text__content\">\n<p><a href=\"https:\/\/play.google.com\/store\/apps\/details?id=com.emtur.mobile\">App para Android<\/a><\/p>\n\n\n\n<p><a href=\"https:\/\/apps.apple.com\/ar\/app\/gu%C3%ADa-tur%C3%ADstica-mar-del-plata\/id6473288891\">App para iOS (Apple)<\/a><\/p>\n<\/div><\/div>\n<\/div>\n","protected":false},"excerpt":{"rendered":"<p>Informaci\u00f3n El congreso se llevar\u00e1 a cabo en el Hotel 13 de Julio. Dada la cantidad de congresos que se organizan en la ciudad, sugerimos que se reserve el alojamiento con anticipaci\u00f3n. Mar del Plata ofrece una amplia gama de servicios para todos los presupuestos. Sede Contacto Adem\u00e1s de este sitio web, los invitamos a [&hellip;]<\/p>\n","protected":false},"author":2,"featured_media":0,"parent":0,"menu_order":0,"comment_status":"closed","ping_status":"closed","template":"","meta":{"footnotes":""},"class_list":["post-72","page","type-page","status-publish","hentry"],"yoast_head":"<!-- This site is optimized with the Yoast SEO plugin v24.6 - https:\/\/yoast.com\/wordpress\/plugins\/seo\/ -->\n<title>SABI 2025 - Informaci\u00f3n - SABI 2025<\/title>\n<meta name=\"robots\" content=\"index, follow, max-snippet:-1, max-image-preview:large, max-video-preview:-1\" \/>\n<link rel=\"canonical\" href=\"https:\/\/sabi.org.ar\/congreso\/informacion\/\" \/>\n<meta property=\"og:locale\" content=\"es_ES\" \/>\n<meta property=\"og:type\" content=\"article\" \/>\n<meta property=\"og:title\" content=\"SABI 2025 - Informaci\u00f3n - SABI 2025\" \/>\n<meta property=\"og:description\" content=\"Informaci\u00f3n El congreso se llevar\u00e1 a cabo en el Hotel 13 de Julio. Dada la cantidad de congresos que se organizan en la ciudad, sugerimos que se reserve el alojamiento con anticipaci\u00f3n. Mar del Plata ofrece una amplia gama de servicios para todos los presupuestos. Sede Contacto Adem\u00e1s de este sitio web, los invitamos a [&hellip;]\" \/>\n<meta property=\"og:url\" content=\"https:\/\/sabi.org.ar\/congreso\/informacion\/\" \/>\n<meta property=\"og:site_name\" content=\"SABI 2025\" \/>\n<meta property=\"article:modified_time\" content=\"2025-06-13T13:04:40+00:00\" \/>\n<meta property=\"og:image\" content=\"https:\/\/sabi.org.ar\/congreso\/wp-content\/uploads\/2025\/02\/cropped-Logo-Congresos-SABI-dibujito-escalado.png\" \/>\n\t<meta property=\"og:image:width\" content=\"512\" \/>\n\t<meta property=\"og:image:height\" content=\"512\" \/>\n\t<meta property=\"og:image:type\" content=\"image\/png\" \/>\n<meta name=\"twitter:card\" content=\"summary_large_image\" \/>\n<meta name=\"twitter:label1\" content=\"Tiempo de lectura\" \/>\n\t<meta name=\"twitter:data1\" content=\"2 minutos\" \/>\n<script type=\"application\/ld+json\" class=\"yoast-schema-graph\">{\"@context\":\"https:\/\/schema.org\",\"@graph\":[{\"@type\":\"WebPage\",\"@id\":\"https:\/\/sabi.org.ar\/congreso\/informacion\/\",\"url\":\"https:\/\/sabi.org.ar\/congreso\/informacion\/\",\"name\":\"SABI 2025 - Informaci\u00f3n - SABI 2025\",\"isPartOf\":{\"@id\":\"https:\/\/sabi.org.ar\/congreso\/#website\"},\"primaryImageOfPage\":{\"@id\":\"https:\/\/sabi.org.ar\/congreso\/informacion\/#primaryimage\"},\"image\":{\"@id\":\"https:\/\/sabi.org.ar\/congreso\/informacion\/#primaryimage\"},\"thumbnailUrl\":\"https:\/\/sabi.org.ar\/congreso\/wp-content\/uploads\/2025\/02\/cropped-Logo-Congresos-SABI-dibujito-escalado.png\",\"datePublished\":\"2025-02-18T22:15:07+00:00\",\"dateModified\":\"2025-06-13T13:04:40+00:00\",\"breadcrumb\":{\"@id\":\"https:\/\/sabi.org.ar\/congreso\/informacion\/#breadcrumb\"},\"inLanguage\":\"es\",\"potentialAction\":[{\"@type\":\"ReadAction\",\"target\":[\"https:\/\/sabi.org.ar\/congreso\/informacion\/\"]}]},{\"@type\":\"ImageObject\",\"inLanguage\":\"es\",\"@id\":\"https:\/\/sabi.org.ar\/congreso\/informacion\/#primaryimage\",\"url\":\"https:\/\/sabi.org.ar\/congreso\/wp-content\/uploads\/2025\/02\/cropped-Logo-Congresos-SABI-dibujito-escalado.png\",\"contentUrl\":\"https:\/\/sabi.org.ar\/congreso\/wp-content\/uploads\/2025\/02\/cropped-Logo-Congresos-SABI-dibujito-escalado.png\",\"width\":512,\"height\":512},{\"@type\":\"BreadcrumbList\",\"@id\":\"https:\/\/sabi.org.ar\/congreso\/informacion\/#breadcrumb\",\"itemListElement\":[{\"@type\":\"ListItem\",\"position\":1,\"name\":\"Portada\",\"item\":\"https:\/\/sabi.org.ar\/congreso\/\"},{\"@type\":\"ListItem\",\"position\":2,\"name\":\"SABI 2025 &#8211; Informaci\u00f3n\"}]},{\"@type\":\"WebSite\",\"@id\":\"https:\/\/sabi.org.ar\/congreso\/#website\",\"url\":\"https:\/\/sabi.org.ar\/congreso\/\",\"name\":\"SABI 2025\",\"description\":\"Congreso SABI 2025\",\"publisher\":{\"@id\":\"https:\/\/sabi.org.ar\/congreso\/#organization\"},\"potentialAction\":[{\"@type\":\"SearchAction\",\"target\":{\"@type\":\"EntryPoint\",\"urlTemplate\":\"https:\/\/sabi.org.ar\/congreso\/?s={search_term_string}\"},\"query-input\":{\"@type\":\"PropertyValueSpecification\",\"valueRequired\":true,\"valueName\":\"search_term_string\"}}],\"inLanguage\":\"es\"},{\"@type\":\"Organization\",\"@id\":\"https:\/\/sabi.org.ar\/congreso\/#organization\",\"name\":\"Sociedad Argentina de BioIngenieria - Congreso 2025\",\"url\":\"https:\/\/sabi.org.ar\/congreso\/\",\"logo\":{\"@type\":\"ImageObject\",\"inLanguage\":\"es\",\"@id\":\"https:\/\/sabi.org.ar\/congreso\/#\/schema\/logo\/image\/\",\"url\":\"https:\/\/sabi.org.ar\/congreso\/wp-content\/uploads\/2025\/02\/Logo-Congresos-SABI-dibujito.png\",\"contentUrl\":\"https:\/\/sabi.org.ar\/congreso\/wp-content\/uploads\/2025\/02\/Logo-Congresos-SABI-dibujito.png\",\"width\":440,\"height\":599,\"caption\":\"Sociedad Argentina de BioIngenieria - Congreso 2025\"},\"image\":{\"@id\":\"https:\/\/sabi.org.ar\/congreso\/#\/schema\/logo\/image\/\"},\"sameAs\":[\"https:\/\/www.instagram.com\/congresosabi\/\"]}]}<\/script>\n<!-- \/ Yoast SEO plugin. -->","yoast_head_json":{"title":"SABI 2025 - Informaci\u00f3n - SABI 2025","robots":{"index":"index","follow":"follow","max-snippet":"max-snippet:-1","max-image-preview":"max-image-preview:large","max-video-preview":"max-video-preview:-1"},"canonical":"https:\/\/sabi.org.ar\/congreso\/informacion\/","og_locale":"es_ES","og_type":"article","og_title":"SABI 2025 - Informaci\u00f3n - SABI 2025","og_description":"Informaci\u00f3n El congreso se llevar\u00e1 a cabo en el Hotel 13 de Julio. Dada la cantidad de congresos que se organizan en la ciudad, sugerimos que se reserve el alojamiento con anticipaci\u00f3n. Mar del Plata ofrece una amplia gama de servicios para todos los presupuestos. Sede Contacto Adem\u00e1s de este sitio web, los invitamos a [&hellip;]","og_url":"https:\/\/sabi.org.ar\/congreso\/informacion\/","og_site_name":"SABI 2025","article_modified_time":"2025-06-13T13:04:40+00:00","og_image":[{"width":512,"height":512,"url":"https:\/\/sabi.org.ar\/congreso\/wp-content\/uploads\/2025\/02\/cropped-Logo-Congresos-SABI-dibujito-escalado.png","type":"image\/png"}],"twitter_card":"summary_large_image","twitter_misc":{"Tiempo de lectura":"2 minutos"},"schema":{"@context":"https:\/\/schema.org","@graph":[{"@type":"WebPage","@id":"https:\/\/sabi.org.ar\/congreso\/informacion\/","url":"https:\/\/sabi.org.ar\/congreso\/informacion\/","name":"SABI 2025 - Informaci\u00f3n - SABI 2025","isPartOf":{"@id":"https:\/\/sabi.org.ar\/congreso\/#website"},"primaryImageOfPage":{"@id":"https:\/\/sabi.org.ar\/congreso\/informacion\/#primaryimage"},"image":{"@id":"https:\/\/sabi.org.ar\/congreso\/informacion\/#primaryimage"},"thumbnailUrl":"https:\/\/sabi.org.ar\/congreso\/wp-content\/uploads\/2025\/02\/cropped-Logo-Congresos-SABI-dibujito-escalado.png","datePublished":"2025-02-18T22:15:07+00:00","dateModified":"2025-06-13T13:04:40+00:00","breadcrumb":{"@id":"https:\/\/sabi.org.ar\/congreso\/informacion\/#breadcrumb"},"inLanguage":"es","potentialAction":[{"@type":"ReadAction","target":["https:\/\/sabi.org.ar\/congreso\/informacion\/"]}]},{"@type":"ImageObject","inLanguage":"es","@id":"https:\/\/sabi.org.ar\/congreso\/informacion\/#primaryimage","url":"https:\/\/sabi.org.ar\/congreso\/wp-content\/uploads\/2025\/02\/cropped-Logo-Congresos-SABI-dibujito-escalado.png","contentUrl":"https:\/\/sabi.org.ar\/congreso\/wp-content\/uploads\/2025\/02\/cropped-Logo-Congresos-SABI-dibujito-escalado.png","width":512,"height":512},{"@type":"BreadcrumbList","@id":"https:\/\/sabi.org.ar\/congreso\/informacion\/#breadcrumb","itemListElement":[{"@type":"ListItem","position":1,"name":"Portada","item":"https:\/\/sabi.org.ar\/congreso\/"},{"@type":"ListItem","position":2,"name":"SABI 2025 &#8211; Informaci\u00f3n"}]},{"@type":"WebSite","@id":"https:\/\/sabi.org.ar\/congreso\/#website","url":"https:\/\/sabi.org.ar\/congreso\/","name":"SABI 2025","description":"Congreso SABI 2025","publisher":{"@id":"https:\/\/sabi.org.ar\/congreso\/#organization"},"potentialAction":[{"@type":"SearchAction","target":{"@type":"EntryPoint","urlTemplate":"https:\/\/sabi.org.ar\/congreso\/?s={search_term_string}"},"query-input":{"@type":"PropertyValueSpecification","valueRequired":true,"valueName":"search_term_string"}}],"inLanguage":"es"},{"@type":"Organization","@id":"https:\/\/sabi.org.ar\/congreso\/#organization","name":"Sociedad Argentina de BioIngenieria - Congreso 2025","url":"https:\/\/sabi.org.ar\/congreso\/","logo":{"@type":"ImageObject","inLanguage":"es","@id":"https:\/\/sabi.org.ar\/congreso\/#\/schema\/logo\/image\/","url":"https:\/\/sabi.org.ar\/congreso\/wp-content\/uploads\/2025\/02\/Logo-Congresos-SABI-dibujito.png","contentUrl":"https:\/\/sabi.org.ar\/congreso\/wp-content\/uploads\/2025\/02\/Logo-Congresos-SABI-dibujito.png","width":440,"height":599,"caption":"Sociedad Argentina de BioIngenieria - Congreso 2025"},"image":{"@id":"https:\/\/sabi.org.ar\/congreso\/#\/schema\/logo\/image\/"},"sameAs":["https:\/\/www.instagram.com\/congresosabi\/"]}]}},"_links":{"self":[{"href":"https:\/\/sabi.org.ar\/congreso\/wp-json\/wp\/v2\/pages\/72","targetHints":{"allow":["GET"]}}],"collection":[{"href":"https:\/\/sabi.org.ar\/congreso\/wp-json\/wp\/v2\/pages"}],"about":[{"href":"https:\/\/sabi.org.ar\/congreso\/wp-json\/wp\/v2\/types\/page"}],"author":[{"embeddable":true,"href":"https:\/\/sabi.org.ar\/congreso\/wp-json\/wp\/v2\/users\/2"}],"replies":[{"embeddable":true,"href":"https:\/\/sabi.org.ar\/congreso\/wp-json\/wp\/v2\/comments?post=72"}],"version-history":[{"count":61,"href":"https:\/\/sabi.org.ar\/congreso\/wp-json\/wp\/v2\/pages\/72\/revisions"}],"predecessor-version":[{"id":1339,"href":"https:\/\/sabi.org.ar\/congreso\/wp-json\/wp\/v2\/pages\/72\/revisions\/1339"}],"wp:attachment":[{"href":"https:\/\/sabi.org.ar\/congreso\/wp-json\/wp\/v2\/media?parent=72"}],"curies":[{"name":"wp","href":"https:\/\/api.w.org\/{rel}","templated":true}]}}