{"id":74,"date":"2025-02-18T22:15:26","date_gmt":"2025-02-18T22:15:26","guid":{"rendered":"https:\/\/sabi.org.ar\/congreso\/?page_id=74"},"modified":"2025-03-13T02:00:06","modified_gmt":"2025-03-13T02:00:06","slug":"information","status":"publish","type":"page","link":"https:\/\/sabi.org.ar\/congreso\/information\/","title":{"rendered":"SABI 2025 &#8211; Information"},"content":{"rendered":"\n<div class=\"wp-block-group has-global-padding is-layout-constrained wp-container-core-group-is-layout-c0c79701 wp-block-group-is-layout-constrained\" style=\"padding-top:var(--wp--preset--spacing--70);padding-bottom:var(--wp--preset--spacing--70)\">\n<h1 class=\"wp-block-heading\">Information<\/h1>\n\n\n\n<div class=\"wp-block-group is-vertical is-content-justification-left is-layout-flex wp-container-core-group-is-layout-01cf2f9b wp-block-group-is-layout-flex\" style=\"margin-top:0;margin-bottom:0;padding-top:var(--wp--preset--spacing--60);padding-bottom:0\">\n<p>The conference will take place at the <a href=\"https:\/\/www.hotel13dejuliomdq.com.ar\" target=\"_blank\" rel=\"noreferrer noopener\">Hotel 13 de Julio<\/a>.<\/p>\n\n\n\n<p>Given the number of conferences held in the city, we recommend booking accommodation in advance. Mar del Plata offers a wide range of services for all budgets.<\/p>\n<\/div>\n\n\n\n<h1 class=\"wp-block-heading\">Venue<\/h1>\n\n\n\n<div class=\"wp-block-gmap-gmap-block gmap-block-jqtsc6ml\"><iframe src=\"https:\/\/maps.google.com\/maps?q=Hotel+13+de+Julio&amp;z=15&amp;t=roadmap&amp;output=embed\" class=\"embd-map\" title=\"Hotel 13 de Julio\"><\/iframe><\/div>\n\n\n\n<h1 class=\"wp-block-heading\">Contact<\/h1>\n\n\n\n<p>In addition to this website, we invite you to follow us on Instagram: <a href=\"https:\/\/www.instagram.com\/congresosabi\/\" target=\"_blank\" rel=\"noreferrer noopener\">@congresosa<\/a><a href=\"https:\/\/www.instagram.com\/congresosabi\/\">bi<\/a>, where we will be posting updates weekly.<\/p>\n\n\n\n<p class=\"has-text-align-left\">We also encourage you to follow on Instagram:<\/p>\n\n\n\n<ul class=\"wp-block-list\">\n<li>Sociedad Argentina de Bioingenier\u00eda: <a href=\"https:\/\/www.instagram.com\/infosabi\" target=\"_blank\" rel=\"noreferrer noopener\">@infosabi<\/a><\/li>\n\n\n\n<li>Asociaci\u00f3n Peruana de Ingenieros Cl\u00ednicos: <a href=\"https:\/\/www.instagram.com\/aspicperu\" target=\"_blank\" rel=\"noreferrer noopener\">@aspicperu<\/a><\/li>\n\n\n\n<li>Cap\u00edtulo de Estudiantes de SABI: <a href=\"https:\/\/www.instagram.com\/capituloestudiantilsabi\" target=\"_blank\" rel=\"noreferrer noopener\">@capituloestudiantilsabi<\/a><\/li>\n<\/ul>\n\n\n\n<p>Contact email: <a href=\"mailto:congreso@sabi.org.ar\" target=\"_blank\" rel=\"noreferrer noopener\">congreso@sabi.org.ar<\/a><\/p>\n\n\n\n<div class=\"wp-block-group is-content-justification-center is-nowrap is-layout-flex wp-container-core-group-is-layout-23441af8 wp-block-group-is-layout-flex\">\n<div class=\"wp-block-media-text is-stacked-on-mobile logo-big\"><figure class=\"wp-block-media-text__media\"><img loading=\"lazy\" decoding=\"async\" width=\"512\" height=\"512\" src=\"https:\/\/sabi.org.ar\/congreso\/wp-content\/uploads\/2025\/02\/cropped-Logo-Congresos-SABI-dibujito-escalado.png\" alt=\"Logo SABI 2025 - Congreso de la Sociedad Argentina de Bioingenieria\" class=\"wp-image-445 size-full\" srcset=\"https:\/\/sabi.org.ar\/congreso\/wp-content\/uploads\/2025\/02\/cropped-Logo-Congresos-SABI-dibujito-escalado.png 512w, https:\/\/sabi.org.ar\/congreso\/wp-content\/uploads\/2025\/02\/cropped-Logo-Congresos-SABI-dibujito-escalado-300x300.png 300w, https:\/\/sabi.org.ar\/congreso\/wp-content\/uploads\/2025\/02\/cropped-Logo-Congresos-SABI-dibujito-escalado-150x150.png 150w, https:\/\/sabi.org.ar\/congreso\/wp-content\/uploads\/2025\/02\/cropped-Logo-Congresos-SABI-dibujito-escalado-270x270.png 270w, https:\/\/sabi.org.ar\/congreso\/wp-content\/uploads\/2025\/02\/cropped-Logo-Congresos-SABI-dibujito-escalado-192x192.png 192w, https:\/\/sabi.org.ar\/congreso\/wp-content\/uploads\/2025\/02\/cropped-Logo-Congresos-SABI-dibujito-escalado-180x180.png 180w, https:\/\/sabi.org.ar\/congreso\/wp-content\/uploads\/2025\/02\/cropped-Logo-Congresos-SABI-dibujito-escalado-32x32.png 32w\" sizes=\"auto, (max-width: 512px) 100vw, 512px\" \/><\/figure><div class=\"wp-block-media-text__content\">\n<p><br>In this logo, we aimed to represent some aspects of our city, Mar del Plata, by incorporating its iconic elements, such as the <a href=\"https:\/\/es.wikipedia.org\/wiki\/Faro_Punta_Mogotes\" target=\"_blank\" rel=\"noreferrer noopener\">Punta Mogotes Lighthouse<\/a> (in the south of the city), the sea (with more than 28 km of beaches), and <a href=\"http:\/\/g.co\/kgs\/Qfpz4xT\" target=\"_blank\" rel=\"noreferrer noopener\">the cliffs<\/a> (even further south). The image includes subtle references to the conference theme, such as the waves, which, when zoomed in, reveal pulse signals, and the stars, which are inspired by the imagery of one of the current artificial intelligence models. We associate the lighthouse&#8217;s light with the new knowledge we hope participants will take away from the conference.<\/p>\n<\/div><\/div>\n<\/div>\n<\/div>\n","protected":false},"excerpt":{"rendered":"<p>Information The conference will take place at the Hotel 13 de Julio. Given the number of conferences held in the city, we recommend booking accommodation in advance. Mar del Plata offers a wide range of services for all budgets. Venue Contact In addition to this website, we invite you to follow us on Instagram: @congresosabi, [&hellip;]<\/p>\n","protected":false},"author":2,"featured_media":0,"parent":0,"menu_order":0,"comment_status":"closed","ping_status":"closed","template":"wp-custom-template-ndice-en","meta":{"footnotes":""},"class_list":["post-74","page","type-page","status-publish","hentry"],"yoast_head":"<!-- This site is optimized with the Yoast SEO plugin v24.6 - https:\/\/yoast.com\/wordpress\/plugins\/seo\/ -->\n<title>SABI 2025 - Information - SABI 2025<\/title>\n<meta name=\"description\" content=\"Infromaci\u00f3n sobre el Congreso Argentino de Bioingenier\u00eda SABI 2025 que se desarrollar\u00e1 en Mar del Plata en el Hotel 13 de Julio.\" \/>\n<meta name=\"robots\" content=\"index, follow, max-snippet:-1, max-image-preview:large, max-video-preview:-1\" \/>\n<link rel=\"canonical\" href=\"https:\/\/sabi.org.ar\/congreso\/information\/\" \/>\n<meta property=\"og:locale\" content=\"es_ES\" \/>\n<meta property=\"og:type\" content=\"article\" \/>\n<meta property=\"og:title\" content=\"SABI 2025 - Information - SABI 2025\" \/>\n<meta property=\"og:description\" content=\"Infromaci\u00f3n sobre el Congreso Argentino de Bioingenier\u00eda SABI 2025 que se desarrollar\u00e1 en Mar del Plata en el Hotel 13 de Julio.\" \/>\n<meta property=\"og:url\" content=\"https:\/\/sabi.org.ar\/congreso\/information\/\" \/>\n<meta property=\"og:site_name\" content=\"SABI 2025\" \/>\n<meta property=\"article:modified_time\" content=\"2025-03-13T02:00:06+00:00\" \/>\n<meta property=\"og:image\" content=\"https:\/\/sabi.org.ar\/congreso\/wp-content\/uploads\/2025\/02\/cropped-Logo-Congresos-SABI-dibujito-escalado.png\" \/>\n\t<meta property=\"og:image:width\" content=\"512\" \/>\n\t<meta property=\"og:image:height\" content=\"512\" \/>\n\t<meta property=\"og:image:type\" content=\"image\/png\" \/>\n<meta name=\"twitter:card\" content=\"summary_large_image\" \/>\n<meta name=\"twitter:label1\" content=\"Tiempo de lectura\" \/>\n\t<meta name=\"twitter:data1\" content=\"2 minutos\" \/>\n<script type=\"application\/ld+json\" class=\"yoast-schema-graph\">{\"@context\":\"https:\/\/schema.org\",\"@graph\":[{\"@type\":\"WebPage\",\"@id\":\"https:\/\/sabi.org.ar\/congreso\/information\/\",\"url\":\"https:\/\/sabi.org.ar\/congreso\/information\/\",\"name\":\"SABI 2025 - Information - SABI 2025\",\"isPartOf\":{\"@id\":\"https:\/\/sabi.org.ar\/congreso\/#website\"},\"primaryImageOfPage\":{\"@id\":\"https:\/\/sabi.org.ar\/congreso\/information\/#primaryimage\"},\"image\":{\"@id\":\"https:\/\/sabi.org.ar\/congreso\/information\/#primaryimage\"},\"thumbnailUrl\":\"https:\/\/sabi.org.ar\/congreso\/wp-content\/uploads\/2025\/02\/cropped-Logo-Congresos-SABI-dibujito-escalado.png\",\"datePublished\":\"2025-02-18T22:15:26+00:00\",\"dateModified\":\"2025-03-13T02:00:06+00:00\",\"description\":\"Infromaci\u00f3n sobre el Congreso Argentino de Bioingenier\u00eda SABI 2025 que se desarrollar\u00e1 en Mar del Plata en el Hotel 13 de Julio.\",\"breadcrumb\":{\"@id\":\"https:\/\/sabi.org.ar\/congreso\/information\/#breadcrumb\"},\"inLanguage\":\"es\",\"potentialAction\":[{\"@type\":\"ReadAction\",\"target\":[\"https:\/\/sabi.org.ar\/congreso\/information\/\"]}]},{\"@type\":\"ImageObject\",\"inLanguage\":\"es\",\"@id\":\"https:\/\/sabi.org.ar\/congreso\/information\/#primaryimage\",\"url\":\"https:\/\/sabi.org.ar\/congreso\/wp-content\/uploads\/2025\/02\/cropped-Logo-Congresos-SABI-dibujito-escalado.png\",\"contentUrl\":\"https:\/\/sabi.org.ar\/congreso\/wp-content\/uploads\/2025\/02\/cropped-Logo-Congresos-SABI-dibujito-escalado.png\",\"width\":512,\"height\":512},{\"@type\":\"BreadcrumbList\",\"@id\":\"https:\/\/sabi.org.ar\/congreso\/information\/#breadcrumb\",\"itemListElement\":[{\"@type\":\"ListItem\",\"position\":1,\"name\":\"Portada\",\"item\":\"https:\/\/sabi.org.ar\/congreso\/\"},{\"@type\":\"ListItem\",\"position\":2,\"name\":\"SABI 2025 &#8211; Information\"}]},{\"@type\":\"WebSite\",\"@id\":\"https:\/\/sabi.org.ar\/congreso\/#website\",\"url\":\"https:\/\/sabi.org.ar\/congreso\/\",\"name\":\"SABI 2025\",\"description\":\"Congreso SABI 2025\",\"publisher\":{\"@id\":\"https:\/\/sabi.org.ar\/congreso\/#organization\"},\"potentialAction\":[{\"@type\":\"SearchAction\",\"target\":{\"@type\":\"EntryPoint\",\"urlTemplate\":\"https:\/\/sabi.org.ar\/congreso\/?s={search_term_string}\"},\"query-input\":{\"@type\":\"PropertyValueSpecification\",\"valueRequired\":true,\"valueName\":\"search_term_string\"}}],\"inLanguage\":\"es\"},{\"@type\":\"Organization\",\"@id\":\"https:\/\/sabi.org.ar\/congreso\/#organization\",\"name\":\"Sociedad Argentina de BioIngenieria - Congreso 2025\",\"url\":\"https:\/\/sabi.org.ar\/congreso\/\",\"logo\":{\"@type\":\"ImageObject\",\"inLanguage\":\"es\",\"@id\":\"https:\/\/sabi.org.ar\/congreso\/#\/schema\/logo\/image\/\",\"url\":\"https:\/\/sabi.org.ar\/congreso\/wp-content\/uploads\/2025\/02\/Logo-Congresos-SABI-dibujito.png\",\"contentUrl\":\"https:\/\/sabi.org.ar\/congreso\/wp-content\/uploads\/2025\/02\/Logo-Congresos-SABI-dibujito.png\",\"width\":440,\"height\":599,\"caption\":\"Sociedad Argentina de BioIngenieria - Congreso 2025\"},\"image\":{\"@id\":\"https:\/\/sabi.org.ar\/congreso\/#\/schema\/logo\/image\/\"},\"sameAs\":[\"https:\/\/www.instagram.com\/congresosabi\/\"]}]}<\/script>\n<!-- \/ Yoast SEO plugin. -->","yoast_head_json":{"title":"SABI 2025 - Information - SABI 2025","description":"Infromaci\u00f3n sobre el Congreso Argentino de Bioingenier\u00eda SABI 2025 que se desarrollar\u00e1 en Mar del Plata en el Hotel 13 de Julio.","robots":{"index":"index","follow":"follow","max-snippet":"max-snippet:-1","max-image-preview":"max-image-preview:large","max-video-preview":"max-video-preview:-1"},"canonical":"https:\/\/sabi.org.ar\/congreso\/information\/","og_locale":"es_ES","og_type":"article","og_title":"SABI 2025 - Information - SABI 2025","og_description":"Infromaci\u00f3n sobre el Congreso Argentino de Bioingenier\u00eda SABI 2025 que se desarrollar\u00e1 en Mar del Plata en el Hotel 13 de Julio.","og_url":"https:\/\/sabi.org.ar\/congreso\/information\/","og_site_name":"SABI 2025","article_modified_time":"2025-03-13T02:00:06+00:00","og_image":[{"width":512,"height":512,"url":"https:\/\/sabi.org.ar\/congreso\/wp-content\/uploads\/2025\/02\/cropped-Logo-Congresos-SABI-dibujito-escalado.png","type":"image\/png"}],"twitter_card":"summary_large_image","twitter_misc":{"Tiempo de lectura":"2 minutos"},"schema":{"@context":"https:\/\/schema.org","@graph":[{"@type":"WebPage","@id":"https:\/\/sabi.org.ar\/congreso\/information\/","url":"https:\/\/sabi.org.ar\/congreso\/information\/","name":"SABI 2025 - Information - SABI 2025","isPartOf":{"@id":"https:\/\/sabi.org.ar\/congreso\/#website"},"primaryImageOfPage":{"@id":"https:\/\/sabi.org.ar\/congreso\/information\/#primaryimage"},"image":{"@id":"https:\/\/sabi.org.ar\/congreso\/information\/#primaryimage"},"thumbnailUrl":"https:\/\/sabi.org.ar\/congreso\/wp-content\/uploads\/2025\/02\/cropped-Logo-Congresos-SABI-dibujito-escalado.png","datePublished":"2025-02-18T22:15:26+00:00","dateModified":"2025-03-13T02:00:06+00:00","description":"Infromaci\u00f3n sobre el Congreso Argentino de Bioingenier\u00eda SABI 2025 que se desarrollar\u00e1 en Mar del Plata en el Hotel 13 de Julio.","breadcrumb":{"@id":"https:\/\/sabi.org.ar\/congreso\/information\/#breadcrumb"},"inLanguage":"es","potentialAction":[{"@type":"ReadAction","target":["https:\/\/sabi.org.ar\/congreso\/information\/"]}]},{"@type":"ImageObject","inLanguage":"es","@id":"https:\/\/sabi.org.ar\/congreso\/information\/#primaryimage","url":"https:\/\/sabi.org.ar\/congreso\/wp-content\/uploads\/2025\/02\/cropped-Logo-Congresos-SABI-dibujito-escalado.png","contentUrl":"https:\/\/sabi.org.ar\/congreso\/wp-content\/uploads\/2025\/02\/cropped-Logo-Congresos-SABI-dibujito-escalado.png","width":512,"height":512},{"@type":"BreadcrumbList","@id":"https:\/\/sabi.org.ar\/congreso\/information\/#breadcrumb","itemListElement":[{"@type":"ListItem","position":1,"name":"Portada","item":"https:\/\/sabi.org.ar\/congreso\/"},{"@type":"ListItem","position":2,"name":"SABI 2025 &#8211; Information"}]},{"@type":"WebSite","@id":"https:\/\/sabi.org.ar\/congreso\/#website","url":"https:\/\/sabi.org.ar\/congreso\/","name":"SABI 2025","description":"Congreso SABI 2025","publisher":{"@id":"https:\/\/sabi.org.ar\/congreso\/#organization"},"potentialAction":[{"@type":"SearchAction","target":{"@type":"EntryPoint","urlTemplate":"https:\/\/sabi.org.ar\/congreso\/?s={search_term_string}"},"query-input":{"@type":"PropertyValueSpecification","valueRequired":true,"valueName":"search_term_string"}}],"inLanguage":"es"},{"@type":"Organization","@id":"https:\/\/sabi.org.ar\/congreso\/#organization","name":"Sociedad Argentina de BioIngenieria - Congreso 2025","url":"https:\/\/sabi.org.ar\/congreso\/","logo":{"@type":"ImageObject","inLanguage":"es","@id":"https:\/\/sabi.org.ar\/congreso\/#\/schema\/logo\/image\/","url":"https:\/\/sabi.org.ar\/congreso\/wp-content\/uploads\/2025\/02\/Logo-Congresos-SABI-dibujito.png","contentUrl":"https:\/\/sabi.org.ar\/congreso\/wp-content\/uploads\/2025\/02\/Logo-Congresos-SABI-dibujito.png","width":440,"height":599,"caption":"Sociedad Argentina de BioIngenieria - Congreso 2025"},"image":{"@id":"https:\/\/sabi.org.ar\/congreso\/#\/schema\/logo\/image\/"},"sameAs":["https:\/\/www.instagram.com\/congresosabi\/"]}]}},"_links":{"self":[{"href":"https:\/\/sabi.org.ar\/congreso\/wp-json\/wp\/v2\/pages\/74","targetHints":{"allow":["GET"]}}],"collection":[{"href":"https:\/\/sabi.org.ar\/congreso\/wp-json\/wp\/v2\/pages"}],"about":[{"href":"https:\/\/sabi.org.ar\/congreso\/wp-json\/wp\/v2\/types\/page"}],"author":[{"embeddable":true,"href":"https:\/\/sabi.org.ar\/congreso\/wp-json\/wp\/v2\/users\/2"}],"replies":[{"embeddable":true,"href":"https:\/\/sabi.org.ar\/congreso\/wp-json\/wp\/v2\/comments?post=74"}],"version-history":[{"count":6,"href":"https:\/\/sabi.org.ar\/congreso\/wp-json\/wp\/v2\/pages\/74\/revisions"}],"predecessor-version":[{"id":760,"href":"https:\/\/sabi.org.ar\/congreso\/wp-json\/wp\/v2\/pages\/74\/revisions\/760"}],"wp:attachment":[{"href":"https:\/\/sabi.org.ar\/congreso\/wp-json\/wp\/v2\/media?parent=74"}],"curies":[{"name":"wp","href":"https:\/\/api.w.org\/{rel}","templated":true}]}}