{"id":90,"date":"2025-02-18T22:17:35","date_gmt":"2025-02-18T22:17:35","guid":{"rendered":"https:\/\/sabi.org.ar\/congreso\/?page_id=90"},"modified":"2025-03-28T23:23:29","modified_gmt":"2025-03-28T23:23:29","slug":"sabi-for-students","status":"publish","type":"page","link":"https:\/\/sabi.org.ar\/congreso\/sabi-for-students\/","title":{"rendered":"SABI 2025 &#8211; SABI for students"},"content":{"rendered":"\n<div class=\"wp-block-group has-global-padding is-layout-constrained wp-container-core-group-is-layout-c0c79701 wp-block-group-is-layout-constrained\" style=\"padding-top:var(--wp--preset--spacing--70);padding-bottom:var(--wp--preset--spacing--70)\">\n<div class=\"wp-block-group is-content-justification-center is-nowrap is-layout-flex wp-container-core-group-is-layout-23441af8 wp-block-group-is-layout-flex\">\n<figure class=\"wp-block-image size-full is-resized\"><img loading=\"lazy\" decoding=\"async\" width=\"803\" height=\"518\" src=\"https:\/\/sabi.org.ar\/congreso\/wp-content\/uploads\/2025\/03\/SABI-Estudiantes-fondo-blanco-e1743089857417.jpg\" alt=\"\" class=\"wp-image-782\" style=\"width:600px\" srcset=\"https:\/\/sabi.org.ar\/congreso\/wp-content\/uploads\/2025\/03\/SABI-Estudiantes-fondo-blanco-e1743089857417.jpg 803w, https:\/\/sabi.org.ar\/congreso\/wp-content\/uploads\/2025\/03\/SABI-Estudiantes-fondo-blanco-e1743089857417-300x194.jpg 300w, https:\/\/sabi.org.ar\/congreso\/wp-content\/uploads\/2025\/03\/SABI-Estudiantes-fondo-blanco-e1743089857417-768x495.jpg 768w\" sizes=\"auto, (max-width: 803px) 100vw, 803px\" \/><\/figure>\n<\/div>\n\n\n\n<p>On October 14th, the student activity day, SABI Estudiantil, will take place. This pre-event is organized by the students of the <a href=\"https:\/\/www.instagram.com\/capituloestudiantilsabi\/\" target=\"_blank\" rel=\"noreferrer noopener\">SABI Student Chapter<\/a>, CESABI.<\/p>\n<\/div>\n\n\n\n<div class=\"wp-block-group grid-students is-layout-grid wp-container-core-group-is-layout-f5eef14f wp-block-group-is-layout-grid\" style=\"padding-top:var(--wp--preset--spacing--30);padding-right:0;padding-bottom:var(--wp--preset--spacing--30);padding-left:0\">\n<div class=\"wp-block-media-text is-stacked-on-mobile\"><figure class=\"wp-block-media-text__media\"><img loading=\"lazy\" decoding=\"async\" width=\"360\" height=\"360\" src=\"https:\/\/sabi.org.ar\/congreso\/wp-content\/uploads\/2025\/02\/Avatar.png\" alt=\"\" class=\"wp-image-293 size-full\" srcset=\"https:\/\/sabi.org.ar\/congreso\/wp-content\/uploads\/2025\/02\/Avatar.png 360w, https:\/\/sabi.org.ar\/congreso\/wp-content\/uploads\/2025\/02\/Avatar-300x300.png 300w, https:\/\/sabi.org.ar\/congreso\/wp-content\/uploads\/2025\/02\/Avatar-150x150.png 150w\" sizes=\"auto, (max-width: 360px) 100vw, 360px\" \/><\/figure><div class=\"wp-block-media-text__content\">\n<h3 class=\"wp-block-heading has-text-align-center\">Agust\u00edn Far\u00edas Carballo<\/h3>\n\n\n\n<p class=\"has-text-align-center\">Universidad Nacional de San Mart\u00edn<\/p>\n<\/div><\/div>\n\n\n\n<div class=\"wp-block-media-text is-stacked-on-mobile\"><figure class=\"wp-block-media-text__media\"><img loading=\"lazy\" decoding=\"async\" width=\"1024\" height=\"1024\" src=\"https:\/\/sabi.org.ar\/congreso\/wp-content\/uploads\/2025\/03\/45620721-scaled-e1743197873244-1024x1024.jpg\" alt=\"\" class=\"wp-image-786 size-full\"\/><\/figure><div class=\"wp-block-media-text__content\">\n<h3 class=\"wp-block-heading has-text-align-center\">Albertina Loureyro<\/h3>\n\n\n\n<p class=\"has-text-align-center\">Universidad Hospital Italiano<\/p>\n<\/div><\/div>\n<\/div>\n\n\n\n<div class=\"wp-block-group grid-students is-layout-grid wp-container-core-group-is-layout-f5eef14f wp-block-group-is-layout-grid\" style=\"padding-top:var(--wp--preset--spacing--30);padding-right:0;padding-bottom:var(--wp--preset--spacing--30);padding-left:0\">\n<div class=\"wp-block-media-text is-stacked-on-mobile\"><figure class=\"wp-block-media-text__media\"><img loading=\"lazy\" decoding=\"async\" width=\"1024\" height=\"1024\" src=\"https:\/\/sabi.org.ar\/congreso\/wp-content\/uploads\/2025\/03\/41907608-1024x1024.jpg\" alt=\"\" class=\"wp-image-788 size-full\" srcset=\"https:\/\/sabi.org.ar\/congreso\/wp-content\/uploads\/2025\/03\/41907608-1024x1024.jpg 1024w, https:\/\/sabi.org.ar\/congreso\/wp-content\/uploads\/2025\/03\/41907608-300x300.jpg 300w, https:\/\/sabi.org.ar\/congreso\/wp-content\/uploads\/2025\/03\/41907608-150x150.jpg 150w, https:\/\/sabi.org.ar\/congreso\/wp-content\/uploads\/2025\/03\/41907608-768x768.jpg 768w, https:\/\/sabi.org.ar\/congreso\/wp-content\/uploads\/2025\/03\/41907608-1536x1536.jpg 1536w, https:\/\/sabi.org.ar\/congreso\/wp-content\/uploads\/2025\/03\/41907608.jpg 1833w\" sizes=\"auto, (max-width: 1024px) 100vw, 1024px\" \/><\/figure><div class=\"wp-block-media-text__content\">\n<h3 class=\"wp-block-heading has-text-align-center\">Giovanni Giorgio<\/h3>\n\n\n\n<p class=\"has-text-align-center\">Universidad Nacional de Entre R\u00edos<\/p>\n<\/div><\/div>\n\n\n\n<div class=\"wp-block-media-text is-stacked-on-mobile\"><figure class=\"wp-block-media-text__media\"><img loading=\"lazy\" decoding=\"async\" width=\"558\" height=\"558\" src=\"https:\/\/sabi.org.ar\/congreso\/wp-content\/uploads\/2025\/03\/download.jpeg\" alt=\"\" class=\"wp-image-790 size-full\" srcset=\"https:\/\/sabi.org.ar\/congreso\/wp-content\/uploads\/2025\/03\/download.jpeg 558w, https:\/\/sabi.org.ar\/congreso\/wp-content\/uploads\/2025\/03\/download-300x300.jpeg 300w, https:\/\/sabi.org.ar\/congreso\/wp-content\/uploads\/2025\/03\/download-150x150.jpeg 150w\" sizes=\"auto, (max-width: 558px) 100vw, 558px\" \/><\/figure><div class=\"wp-block-media-text__content\">\n<h3 class=\"wp-block-heading has-text-align-center\">Gonzalo Grau<\/h3>\n\n\n\n<p class=\"has-text-align-center\">Instituto Tecnol\u00f3gico de Buenos Aires<\/p>\n<\/div><\/div>\n<\/div>\n\n\n\n<div class=\"wp-block-group grid-students is-layout-grid wp-container-core-group-is-layout-f5eef14f wp-block-group-is-layout-grid\" style=\"padding-top:var(--wp--preset--spacing--30);padding-right:0;padding-bottom:var(--wp--preset--spacing--30);padding-left:0\">\n<div class=\"wp-block-media-text is-stacked-on-mobile\"><figure class=\"wp-block-media-text__media\"><img loading=\"lazy\" decoding=\"async\" width=\"360\" height=\"360\" src=\"https:\/\/sabi.org.ar\/congreso\/wp-content\/uploads\/2025\/02\/Avatar.png\" alt=\"\" class=\"wp-image-293 size-full\" srcset=\"https:\/\/sabi.org.ar\/congreso\/wp-content\/uploads\/2025\/02\/Avatar.png 360w, https:\/\/sabi.org.ar\/congreso\/wp-content\/uploads\/2025\/02\/Avatar-300x300.png 300w, https:\/\/sabi.org.ar\/congreso\/wp-content\/uploads\/2025\/02\/Avatar-150x150.png 150w\" sizes=\"auto, (max-width: 360px) 100vw, 360px\" \/><\/figure><div class=\"wp-block-media-text__content\">\n<h3 class=\"wp-block-heading has-text-align-center\">Luz Martin<\/h3>\n\n\n\n<p class=\"has-text-align-center\">Universidad de Mendoza<\/p>\n<\/div><\/div>\n\n\n\n<div class=\"wp-block-media-text is-stacked-on-mobile\"><figure class=\"wp-block-media-text__media\"><img loading=\"lazy\" decoding=\"async\" width=\"855\" height=\"855\" src=\"https:\/\/sabi.org.ar\/congreso\/wp-content\/uploads\/2025\/03\/download-1.jpeg\" alt=\"\" class=\"wp-image-793 size-full\" srcset=\"https:\/\/sabi.org.ar\/congreso\/wp-content\/uploads\/2025\/03\/download-1.jpeg 855w, https:\/\/sabi.org.ar\/congreso\/wp-content\/uploads\/2025\/03\/download-1-300x300.jpeg 300w, https:\/\/sabi.org.ar\/congreso\/wp-content\/uploads\/2025\/03\/download-1-150x150.jpeg 150w, https:\/\/sabi.org.ar\/congreso\/wp-content\/uploads\/2025\/03\/download-1-768x768.jpeg 768w\" sizes=\"auto, (max-width: 855px) 100vw, 855px\" \/><\/figure><div class=\"wp-block-media-text__content\">\n<h3 class=\"wp-block-heading has-text-align-center\">Natalia Suarez Bell<\/h3>\n\n\n\n<p class=\"has-text-align-center\">Universidad de la Rep\u00fablica<\/p>\n<\/div><\/div>\n<\/div>\n\n\n\n<div class=\"wp-block-group grid-students is-layout-grid wp-container-core-group-is-layout-f5eef14f wp-block-group-is-layout-grid\" style=\"padding-top:var(--wp--preset--spacing--30);padding-right:0;padding-bottom:var(--wp--preset--spacing--30);padding-left:0\">\n<div class=\"wp-block-media-text is-stacked-on-mobile\"><figure class=\"wp-block-media-text__media\"><img loading=\"lazy\" decoding=\"async\" width=\"640\" height=\"640\" src=\"https:\/\/sabi.org.ar\/congreso\/wp-content\/uploads\/2025\/03\/download-2.jpeg\" alt=\"\" class=\"wp-image-794 size-full\" srcset=\"https:\/\/sabi.org.ar\/congreso\/wp-content\/uploads\/2025\/03\/download-2.jpeg 640w, https:\/\/sabi.org.ar\/congreso\/wp-content\/uploads\/2025\/03\/download-2-300x300.jpeg 300w, https:\/\/sabi.org.ar\/congreso\/wp-content\/uploads\/2025\/03\/download-2-150x150.jpeg 150w\" sizes=\"auto, (max-width: 640px) 100vw, 640px\" \/><\/figure><div class=\"wp-block-media-text__content\">\n<h3 class=\"wp-block-heading has-text-align-center\">Nicol\u00e1s Pepe<\/h3>\n\n\n\n<p class=\"has-text-align-center\">Universidad Tecnol\u00f3gica Nacional<\/p>\n<\/div><\/div>\n\n\n\n<div class=\"wp-block-media-text is-stacked-on-mobile\"><figure class=\"wp-block-media-text__media\"><img loading=\"lazy\" decoding=\"async\" width=\"864\" height=\"864\" src=\"https:\/\/sabi.org.ar\/congreso\/wp-content\/uploads\/2025\/03\/download-3.jpeg\" alt=\"\" class=\"wp-image-795 size-full\" srcset=\"https:\/\/sabi.org.ar\/congreso\/wp-content\/uploads\/2025\/03\/download-3.jpeg 864w, https:\/\/sabi.org.ar\/congreso\/wp-content\/uploads\/2025\/03\/download-3-300x300.jpeg 300w, https:\/\/sabi.org.ar\/congreso\/wp-content\/uploads\/2025\/03\/download-3-150x150.jpeg 150w, https:\/\/sabi.org.ar\/congreso\/wp-content\/uploads\/2025\/03\/download-3-768x768.jpeg 768w\" sizes=\"auto, (max-width: 864px) 100vw, 864px\" \/><\/figure><div class=\"wp-block-media-text__content\">\n<h3 class=\"wp-block-heading has-text-align-center\">Ramiro Gij\u00f3n<\/h3>\n\n\n\n<p class=\"has-text-align-center\">Universidad Nacional de Villa Mercedes<\/p>\n<\/div><\/div>\n<\/div>\n\n\n\n<div class=\"wp-block-group grid-students is-layout-grid wp-container-core-group-is-layout-f5eef14f wp-block-group-is-layout-grid\" style=\"padding-top:var(--wp--preset--spacing--30);padding-right:0;padding-bottom:var(--wp--preset--spacing--30);padding-left:0\">\n<div class=\"wp-block-media-text is-stacked-on-mobile\"><figure class=\"wp-block-media-text__media\"><img loading=\"lazy\" decoding=\"async\" width=\"360\" height=\"360\" src=\"https:\/\/sabi.org.ar\/congreso\/wp-content\/uploads\/2025\/02\/Avatar.png\" alt=\"\" class=\"wp-image-293 size-full\" srcset=\"https:\/\/sabi.org.ar\/congreso\/wp-content\/uploads\/2025\/02\/Avatar.png 360w, https:\/\/sabi.org.ar\/congreso\/wp-content\/uploads\/2025\/02\/Avatar-300x300.png 300w, https:\/\/sabi.org.ar\/congreso\/wp-content\/uploads\/2025\/02\/Avatar-150x150.png 150w\" sizes=\"auto, (max-width: 360px) 100vw, 360px\" \/><\/figure><div class=\"wp-block-media-text__content\">\n<h3 class=\"wp-block-heading has-text-align-center\">Victoria Guarnieri<\/h3>\n\n\n\n<p class=\"has-text-align-center\">Universidad Favaloro<\/p>\n<\/div><\/div>\n\n\n\n<div class=\"wp-block-media-text is-stacked-on-mobile\"><figure class=\"wp-block-media-text__media\"><img loading=\"lazy\" decoding=\"async\" width=\"767\" height=\"767\" src=\"https:\/\/sabi.org.ar\/congreso\/wp-content\/uploads\/2025\/03\/34389682.jpg\" alt=\"\" class=\"wp-image-796 size-full\" srcset=\"https:\/\/sabi.org.ar\/congreso\/wp-content\/uploads\/2025\/03\/34389682.jpg 767w, https:\/\/sabi.org.ar\/congreso\/wp-content\/uploads\/2025\/03\/34389682-300x300.jpg 300w, https:\/\/sabi.org.ar\/congreso\/wp-content\/uploads\/2025\/03\/34389682-150x150.jpg 150w\" sizes=\"auto, (max-width: 767px) 100vw, 767px\" \/><\/figure><div class=\"wp-block-media-text__content\">\n<h3 class=\"wp-block-heading has-text-align-center\">Carolina Guinart&nbsp;Boguslawski<\/h3>\n\n\n\n<p class=\"has-text-align-center\">Universidad Favaloro<\/p>\n<\/div><\/div>\n<\/div>\n","protected":false},"excerpt":{"rendered":"<p>On October 14th, the student activity day, SABI Estudiantil, will take place. This pre-event is organized by the students of the SABI Student Chapter, CESABI. Agust\u00edn Far\u00edas Carballo Universidad Nacional de San Mart\u00edn Albertina Loureyro Universidad Hospital Italiano Giovanni Giorgio Universidad Nacional de Entre R\u00edos Gonzalo Grau Instituto Tecnol\u00f3gico de Buenos Aires Luz Martin Universidad [&hellip;]<\/p>\n","protected":false},"author":2,"featured_media":0,"parent":0,"menu_order":0,"comment_status":"closed","ping_status":"closed","template":"wp-custom-template-ndice-en","meta":{"footnotes":""},"class_list":["post-90","page","type-page","status-publish","hentry"],"yoast_head":"<!-- This site is optimized with the Yoast SEO plugin v24.6 - https:\/\/yoast.com\/wordpress\/plugins\/seo\/ -->\n<title>SABI 2025 - SABI for students - SABI 2025<\/title>\n<meta name=\"robots\" content=\"index, follow, max-snippet:-1, max-image-preview:large, max-video-preview:-1\" \/>\n<link rel=\"canonical\" href=\"https:\/\/sabi.org.ar\/congreso\/sabi-for-students\/\" \/>\n<meta property=\"og:locale\" content=\"es_ES\" \/>\n<meta property=\"og:type\" content=\"article\" \/>\n<meta property=\"og:title\" content=\"SABI 2025 - SABI for students - SABI 2025\" \/>\n<meta property=\"og:description\" content=\"On October 14th, the student activity day, SABI Estudiantil, will take place. This pre-event is organized by the students of the SABI Student Chapter, CESABI. Agust\u00edn Far\u00edas Carballo Universidad Nacional de San Mart\u00edn Albertina Loureyro Universidad Hospital Italiano Giovanni Giorgio Universidad Nacional de Entre R\u00edos Gonzalo Grau Instituto Tecnol\u00f3gico de Buenos Aires Luz Martin Universidad [&hellip;]\" \/>\n<meta property=\"og:url\" content=\"https:\/\/sabi.org.ar\/congreso\/sabi-for-students\/\" \/>\n<meta property=\"og:site_name\" content=\"SABI 2025\" \/>\n<meta property=\"article:modified_time\" content=\"2025-03-28T23:23:29+00:00\" \/>\n<meta property=\"og:image\" content=\"https:\/\/sabi.org.ar\/congreso\/wp-content\/uploads\/2025\/03\/SABI-Estudiantes-fondo-blanco-e1743089857417.jpg\" \/>\n\t<meta property=\"og:image:width\" content=\"803\" \/>\n\t<meta property=\"og:image:height\" content=\"518\" \/>\n\t<meta property=\"og:image:type\" content=\"image\/jpeg\" \/>\n<meta name=\"twitter:card\" content=\"summary_large_image\" \/>\n<meta name=\"twitter:label1\" content=\"Tiempo de lectura\" \/>\n\t<meta name=\"twitter:data1\" content=\"3 minutos\" \/>\n<script type=\"application\/ld+json\" class=\"yoast-schema-graph\">{\"@context\":\"https:\/\/schema.org\",\"@graph\":[{\"@type\":\"WebPage\",\"@id\":\"https:\/\/sabi.org.ar\/congreso\/sabi-for-students\/\",\"url\":\"https:\/\/sabi.org.ar\/congreso\/sabi-for-students\/\",\"name\":\"SABI 2025 - SABI for students - SABI 2025\",\"isPartOf\":{\"@id\":\"https:\/\/sabi.org.ar\/congreso\/#website\"},\"primaryImageOfPage\":{\"@id\":\"https:\/\/sabi.org.ar\/congreso\/sabi-for-students\/#primaryimage\"},\"image\":{\"@id\":\"https:\/\/sabi.org.ar\/congreso\/sabi-for-students\/#primaryimage\"},\"thumbnailUrl\":\"https:\/\/sabi.org.ar\/congreso\/wp-content\/uploads\/2025\/03\/SABI-Estudiantes-fondo-blanco-e1743089857417.jpg\",\"datePublished\":\"2025-02-18T22:17:35+00:00\",\"dateModified\":\"2025-03-28T23:23:29+00:00\",\"breadcrumb\":{\"@id\":\"https:\/\/sabi.org.ar\/congreso\/sabi-for-students\/#breadcrumb\"},\"inLanguage\":\"es\",\"potentialAction\":[{\"@type\":\"ReadAction\",\"target\":[\"https:\/\/sabi.org.ar\/congreso\/sabi-for-students\/\"]}]},{\"@type\":\"ImageObject\",\"inLanguage\":\"es\",\"@id\":\"https:\/\/sabi.org.ar\/congreso\/sabi-for-students\/#primaryimage\",\"url\":\"https:\/\/sabi.org.ar\/congreso\/wp-content\/uploads\/2025\/03\/SABI-Estudiantes-fondo-blanco-e1743089857417.jpg\",\"contentUrl\":\"https:\/\/sabi.org.ar\/congreso\/wp-content\/uploads\/2025\/03\/SABI-Estudiantes-fondo-blanco-e1743089857417.jpg\",\"width\":803,\"height\":518},{\"@type\":\"BreadcrumbList\",\"@id\":\"https:\/\/sabi.org.ar\/congreso\/sabi-for-students\/#breadcrumb\",\"itemListElement\":[{\"@type\":\"ListItem\",\"position\":1,\"name\":\"Portada\",\"item\":\"https:\/\/sabi.org.ar\/congreso\/\"},{\"@type\":\"ListItem\",\"position\":2,\"name\":\"SABI 2025 &#8211; SABI for students\"}]},{\"@type\":\"WebSite\",\"@id\":\"https:\/\/sabi.org.ar\/congreso\/#website\",\"url\":\"https:\/\/sabi.org.ar\/congreso\/\",\"name\":\"SABI 2025\",\"description\":\"Congreso SABI 2025\",\"publisher\":{\"@id\":\"https:\/\/sabi.org.ar\/congreso\/#organization\"},\"potentialAction\":[{\"@type\":\"SearchAction\",\"target\":{\"@type\":\"EntryPoint\",\"urlTemplate\":\"https:\/\/sabi.org.ar\/congreso\/?s={search_term_string}\"},\"query-input\":{\"@type\":\"PropertyValueSpecification\",\"valueRequired\":true,\"valueName\":\"search_term_string\"}}],\"inLanguage\":\"es\"},{\"@type\":\"Organization\",\"@id\":\"https:\/\/sabi.org.ar\/congreso\/#organization\",\"name\":\"Sociedad Argentina de BioIngenieria - Congreso 2025\",\"url\":\"https:\/\/sabi.org.ar\/congreso\/\",\"logo\":{\"@type\":\"ImageObject\",\"inLanguage\":\"es\",\"@id\":\"https:\/\/sabi.org.ar\/congreso\/#\/schema\/logo\/image\/\",\"url\":\"https:\/\/sabi.org.ar\/congreso\/wp-content\/uploads\/2025\/02\/Logo-Congresos-SABI-dibujito.png\",\"contentUrl\":\"https:\/\/sabi.org.ar\/congreso\/wp-content\/uploads\/2025\/02\/Logo-Congresos-SABI-dibujito.png\",\"width\":440,\"height\":599,\"caption\":\"Sociedad Argentina de BioIngenieria - Congreso 2025\"},\"image\":{\"@id\":\"https:\/\/sabi.org.ar\/congreso\/#\/schema\/logo\/image\/\"},\"sameAs\":[\"https:\/\/www.instagram.com\/congresosabi\/\"]}]}<\/script>\n<!-- \/ Yoast SEO plugin. -->","yoast_head_json":{"title":"SABI 2025 - SABI for students - SABI 2025","robots":{"index":"index","follow":"follow","max-snippet":"max-snippet:-1","max-image-preview":"max-image-preview:large","max-video-preview":"max-video-preview:-1"},"canonical":"https:\/\/sabi.org.ar\/congreso\/sabi-for-students\/","og_locale":"es_ES","og_type":"article","og_title":"SABI 2025 - SABI for students - SABI 2025","og_description":"On October 14th, the student activity day, SABI Estudiantil, will take place. This pre-event is organized by the students of the SABI Student Chapter, CESABI. Agust\u00edn Far\u00edas Carballo Universidad Nacional de San Mart\u00edn Albertina Loureyro Universidad Hospital Italiano Giovanni Giorgio Universidad Nacional de Entre R\u00edos Gonzalo Grau Instituto Tecnol\u00f3gico de Buenos Aires Luz Martin Universidad [&hellip;]","og_url":"https:\/\/sabi.org.ar\/congreso\/sabi-for-students\/","og_site_name":"SABI 2025","article_modified_time":"2025-03-28T23:23:29+00:00","og_image":[{"width":803,"height":518,"url":"https:\/\/sabi.org.ar\/congreso\/wp-content\/uploads\/2025\/03\/SABI-Estudiantes-fondo-blanco-e1743089857417.jpg","type":"image\/jpeg"}],"twitter_card":"summary_large_image","twitter_misc":{"Tiempo de lectura":"3 minutos"},"schema":{"@context":"https:\/\/schema.org","@graph":[{"@type":"WebPage","@id":"https:\/\/sabi.org.ar\/congreso\/sabi-for-students\/","url":"https:\/\/sabi.org.ar\/congreso\/sabi-for-students\/","name":"SABI 2025 - SABI for students - SABI 2025","isPartOf":{"@id":"https:\/\/sabi.org.ar\/congreso\/#website"},"primaryImageOfPage":{"@id":"https:\/\/sabi.org.ar\/congreso\/sabi-for-students\/#primaryimage"},"image":{"@id":"https:\/\/sabi.org.ar\/congreso\/sabi-for-students\/#primaryimage"},"thumbnailUrl":"https:\/\/sabi.org.ar\/congreso\/wp-content\/uploads\/2025\/03\/SABI-Estudiantes-fondo-blanco-e1743089857417.jpg","datePublished":"2025-02-18T22:17:35+00:00","dateModified":"2025-03-28T23:23:29+00:00","breadcrumb":{"@id":"https:\/\/sabi.org.ar\/congreso\/sabi-for-students\/#breadcrumb"},"inLanguage":"es","potentialAction":[{"@type":"ReadAction","target":["https:\/\/sabi.org.ar\/congreso\/sabi-for-students\/"]}]},{"@type":"ImageObject","inLanguage":"es","@id":"https:\/\/sabi.org.ar\/congreso\/sabi-for-students\/#primaryimage","url":"https:\/\/sabi.org.ar\/congreso\/wp-content\/uploads\/2025\/03\/SABI-Estudiantes-fondo-blanco-e1743089857417.jpg","contentUrl":"https:\/\/sabi.org.ar\/congreso\/wp-content\/uploads\/2025\/03\/SABI-Estudiantes-fondo-blanco-e1743089857417.jpg","width":803,"height":518},{"@type":"BreadcrumbList","@id":"https:\/\/sabi.org.ar\/congreso\/sabi-for-students\/#breadcrumb","itemListElement":[{"@type":"ListItem","position":1,"name":"Portada","item":"https:\/\/sabi.org.ar\/congreso\/"},{"@type":"ListItem","position":2,"name":"SABI 2025 &#8211; SABI for students"}]},{"@type":"WebSite","@id":"https:\/\/sabi.org.ar\/congreso\/#website","url":"https:\/\/sabi.org.ar\/congreso\/","name":"SABI 2025","description":"Congreso SABI 2025","publisher":{"@id":"https:\/\/sabi.org.ar\/congreso\/#organization"},"potentialAction":[{"@type":"SearchAction","target":{"@type":"EntryPoint","urlTemplate":"https:\/\/sabi.org.ar\/congreso\/?s={search_term_string}"},"query-input":{"@type":"PropertyValueSpecification","valueRequired":true,"valueName":"search_term_string"}}],"inLanguage":"es"},{"@type":"Organization","@id":"https:\/\/sabi.org.ar\/congreso\/#organization","name":"Sociedad Argentina de BioIngenieria - Congreso 2025","url":"https:\/\/sabi.org.ar\/congreso\/","logo":{"@type":"ImageObject","inLanguage":"es","@id":"https:\/\/sabi.org.ar\/congreso\/#\/schema\/logo\/image\/","url":"https:\/\/sabi.org.ar\/congreso\/wp-content\/uploads\/2025\/02\/Logo-Congresos-SABI-dibujito.png","contentUrl":"https:\/\/sabi.org.ar\/congreso\/wp-content\/uploads\/2025\/02\/Logo-Congresos-SABI-dibujito.png","width":440,"height":599,"caption":"Sociedad Argentina de BioIngenieria - Congreso 2025"},"image":{"@id":"https:\/\/sabi.org.ar\/congreso\/#\/schema\/logo\/image\/"},"sameAs":["https:\/\/www.instagram.com\/congresosabi\/"]}]}},"_links":{"self":[{"href":"https:\/\/sabi.org.ar\/congreso\/wp-json\/wp\/v2\/pages\/90","targetHints":{"allow":["GET"]}}],"collection":[{"href":"https:\/\/sabi.org.ar\/congreso\/wp-json\/wp\/v2\/pages"}],"about":[{"href":"https:\/\/sabi.org.ar\/congreso\/wp-json\/wp\/v2\/types\/page"}],"author":[{"embeddable":true,"href":"https:\/\/sabi.org.ar\/congreso\/wp-json\/wp\/v2\/users\/2"}],"replies":[{"embeddable":true,"href":"https:\/\/sabi.org.ar\/congreso\/wp-json\/wp\/v2\/comments?post=90"}],"version-history":[{"count":4,"href":"https:\/\/sabi.org.ar\/congreso\/wp-json\/wp\/v2\/pages\/90\/revisions"}],"predecessor-version":[{"id":810,"href":"https:\/\/sabi.org.ar\/congreso\/wp-json\/wp\/v2\/pages\/90\/revisions\/810"}],"wp:attachment":[{"href":"https:\/\/sabi.org.ar\/congreso\/wp-json\/wp\/v2\/media?parent=90"}],"curies":[{"name":"wp","href":"https:\/\/api.w.org\/{rel}","templated":true}]}}